{"id":12375,"date":"2014-06-04T00:23:56","date_gmt":"2014-06-04T00:23:56","guid":{"rendered":"http:\/\/cardinal.swiftideas.com\/asset-reference\/?page_id=12375"},"modified":"2025-12-10T20:25:24","modified_gmt":"2025-12-10T20:25:24","slug":"prensa","status":"publish","type":"page","link":"https:\/\/totito-toto.store\/en\/prensa\/","title":{"rendered":"Press"},"content":{"rendered":"<div data-elementor-type=\"wp-page\" data-elementor-id=\"12375\" class=\"elementor elementor-12375\">\n\t\t\t\t<div class=\"elementor-element elementor-element-f0d0cfa e-flex e-con-boxed e-con e-parent\" data-id=\"f0d0cfa\" data-element_type=\"container\" data-e-type=\"container\">\r\n\t\t\t\t\t<div class=\"e-con-inner\">\r\n\t\t<div class=\"elementor-element elementor-element-90fcb6a e-con-full e-flex e-con e-child\" data-id=\"90fcb6a\" data-element_type=\"container\" data-e-type=\"container\" data-settings=\"{&quot;background_background&quot;:&quot;classic&quot;}\">\r\n\t\t\t\t<\/div>\n\t\t<div class=\"elementor-element elementor-element-263f088 e-con-full e-flex e-con e-child\" data-id=\"263f088\" data-element_type=\"container\" data-e-type=\"container\">\r\n\t\t\t\t<div class=\"elementor-element elementor-element-0a89ed4 elementor-widget elementor-widget-heading\" data-id=\"0a89ed4\" data-element_type=\"widget\" data-e-type=\"widget\" data-widget_type=\"heading.default\">\n\t\t\t\t\t<h2 class=\"elementor-heading-title elementor-size-default\">Taller cuento y juguete en La Candelaria SMA<\/h2>\t\t\t\t<\/div>\n\t\t\t\t<div class=\"elementor-element elementor-element-ff0f307 elementor-widget elementor-widget-text-editor\" data-id=\"ff0f307\" data-element_type=\"widget\" data-e-type=\"widget\" data-widget_type=\"text-editor.default\">\n\t\t\t\t\t\t\t\t\t<p>\u00a1Nuevo taller!\u00a0<strong>\u00a0Creaci\u00f3n de cuento y juguete \u201cEl mundo fant\u00e1stico de Totito\u201d<\/strong>\u00a0S\u00e1bado 3 de febrero a las 12 del d\u00eda. CUPO LIMITADO. Gratuito. Para ni\u00f1os de 5 a 11 a\u00f1os. Feria de la Candelaria<\/p><p>Un taller muy especial con\u00a0<strong><a href=\"https:\/\/www.instagram.com\/camilasanb\/\">Camila S\u00e1nchez<\/a><\/strong>, escritora y editora, amiga muy reciente que se siente de toda la vida y con la que compartimos el mismo amor por la franqueza del mundo infantil, por la literatura, por San Miguel y por supuesto por la conmovedora y m\u00e1gica historia de totito.<\/p><p>Emprenderemos el viaje al mundo de totito iniciando con su historia, donde nuestros peque\u00f1os talleristas podr\u00e1n completar y hacer suya la historia del totito el burrito unicornio, \u00e9sta parte creaci\u00f3n de cuento la llevar\u00e1 Cam que adem\u00e1s tiene sus bella\u00a0<strong><a href=\"https:\/\/www.instagram.com\/unaboutiquedelibros?igsh=MXc1eW9jdndxdTU5eg==\">Boutique de libros<\/a><\/strong>\u00a0en nuestro bello pueblo m\u00e1gico San Miguel de Allende.<\/p><p>Adem\u00e1s realizaremos un adorable mini totito, que por ahora son exclusivos de talleres, en el cual completan al peque\u00f1o burrito peluche, para darle su forma abrazarle, le haremos su coraz\u00f3n con origami en el que cada ni\u00f1e le transmitir\u00e1 su magia y finalmente nuestros cuentistas jugueteros le realizar\u00e1n su cuerno de unicornio donde radica toda la magia y le da su personalidad y autenticidad.<\/p><p>Este lindo taller lo haremos nada m\u00e1s y nada menos que en los eventos que se realizan en el \u00a0<strong><a href=\"https:\/\/maps.app.goo.gl\/AxS8893WHPXwECou5?g_st=ic\">parque Benito Ju\u00e1rez<\/a>\u00a0<\/strong>dentro del marco de la\u00a0Feria de la Candelaria\u00a0del 1 al 4 de febrero, llen\u00e1ndose de plantas y flores por 15 d\u00edas de distintos viveros de San Miguel y sus alrededores, teniendo distintos y bell\u00edsimos eventos como nuestro m\u00e1gico Taller\u00a0<img decoding=\"async\" class=\"emoji\" role=\"img\" draggable=\"false\" src=\"https:\/\/s.w.org\/images\/core\/emoji\/16.0.1\/svg\/1f642.svg\" alt=\"\ud83d\ude42\" \/>\u00a0<strong><a href=\"https:\/\/www.instagram.com\/turismosma\/\">TurismoSMA<\/a><\/strong><\/p><p>Invitados e invitados a invitar!<\/p>\t\t\t\t\t\t\t\t<\/div>\n\t\t\t\t<\/div>\n\t\t\t\t\t<\/div>\n\t\t\t\t<\/div>\n\t\t<div class=\"porto_stretch_css stretch_row_css elementor-element elementor-element-e495652 e-flex e-con-boxed e-con e-parent\" data-id=\"e495652\" data-element_type=\"container\" data-e-type=\"container\">\r\n\t\t\t\t\t<div class=\"e-con-inner\">\r\n\t\t<div class=\"elementor-element elementor-element-be3fc91 e-con-full e-flex e-con e-child\" data-id=\"be3fc91\" data-element_type=\"container\" data-e-type=\"container\">\r\n\t\t\t\t<div class=\"elementor-element elementor-element-db1df76 elementor-widget elementor-widget-heading\" data-id=\"db1df76\" data-element_type=\"widget\" data-e-type=\"widget\" data-widget_type=\"heading.default\">\n\t\t\t\t\t<h2 class=\"elementor-heading-title elementor-size-default\">Mural Taller Totito Tot\u00f3<\/h2>\t\t\t\t<\/div>\n\t\t\t\t<div class=\"elementor-element elementor-element-e6f8fb0 elementor-widget elementor-widget-text-editor\" data-id=\"e6f8fb0\" data-element_type=\"widget\" data-e-type=\"widget\" data-widget_type=\"text-editor.default\">\n\t\t\t\t\t\t\t\t\t<p>11 de diciembre, 12:00 horas.<br \/>Taller Infantil \u201cCrea tu libro de cuento ilustrado\u201d, a cargo de Totito Tot\u00f3. Hay que hacer un registro previo, para ni\u00f1os de 4 a 12 a\u00f1os. El cupo es limitado.<\/p><p>Primer taller del programa INSTANTES de Totito Tot\u00f3 por la dise\u00f1adora <a href=\"http:\/\/danielacordero.com\/\">Daniela Cordero<\/a>\u00a0en Wit, festival de arte en Guadalajara en su d\u00e9cimo tercera edici\u00f3n.<\/p><p>Wit es una feria de arte y dise\u00f1o donde dialogan disitntas expresiones art\u00edsticas con la iniciativa de promover el talento creativo Mexicano.<\/p>\t\t\t\t\t\t\t\t<\/div>\n\t\t\t\t<\/div>\n\t\t<div class=\"elementor-element elementor-element-d76115a e-con-full e-flex e-con e-child\" data-id=\"d76115a\" data-element_type=\"container\" data-e-type=\"container\" data-settings=\"{&quot;background_background&quot;:&quot;classic&quot;}\">\r\n\t\t\t\t<div class=\"elementor-element elementor-element-fafbf9b elementor-widget elementor-widget-image\" data-id=\"fafbf9b\" data-element_type=\"widget\" data-e-type=\"widget\" data-widget_type=\"image.default\">\n\t\t\t\t\t\t\t\t\t\t\t\t\t\t\t\t<a href=\"https:\/\/www.mural.com.mx\/wit-refuerza-vocacion-de-artes-visuales-con-su-nueva-edicion\/gr\/ar2516397?md5=7f994d7560542bd3ee7be55439c7d70b&#038;ta=0dfdbac11765226904c16cb9ad1b2efe&#038;utm_source=whatsapp&#038;utm_medium=social&#038;utm_campaign=promocion_suscriptor\">\n\t\t\t\t\t\t\t<img fetchpriority=\"high\" decoding=\"async\" width=\"904\" height=\"1600\" src=\"https:\/\/totito-toto.store\/wp-content\/uploads\/2023\/01\/c64c2eb0-4b9b-4508-8fd7-1ec36c518ee7.jpg\" class=\"attachment-full size-full wp-image-17331\" alt=\"Press Newspaper Totito Toto Taller\" srcset=\"https:\/\/totito-toto.store\/wp-content\/uploads\/2023\/01\/c64c2eb0-4b9b-4508-8fd7-1ec36c518ee7.jpg 904w, https:\/\/totito-toto.store\/wp-content\/uploads\/2023\/01\/c64c2eb0-4b9b-4508-8fd7-1ec36c518ee7-579x1024.jpg 579w, https:\/\/totito-toto.store\/wp-content\/uploads\/2023\/01\/c64c2eb0-4b9b-4508-8fd7-1ec36c518ee7-768x1359.jpg 768w, https:\/\/totito-toto.store\/wp-content\/uploads\/2023\/01\/c64c2eb0-4b9b-4508-8fd7-1ec36c518ee7-868x1536.jpg 868w, https:\/\/totito-toto.store\/wp-content\/uploads\/2023\/01\/c64c2eb0-4b9b-4508-8fd7-1ec36c518ee7-600x1062.jpg 600w\" sizes=\"(max-width: 904px) 100vw, 904px\" \/>\t\t\t\t\t\t\t\t<\/a>\n\t\t\t\t\t\t\t\t\t\t\t\t\t\t\t<\/div>\n\t\t\t\t<\/div>\n\t\t\t\t\t<\/div>\n\t\t\t\t<\/div>\n\t\t<div class=\"elementor-element elementor-element-0326b7e e-flex e-con-boxed e-con e-parent\" data-id=\"0326b7e\" data-element_type=\"container\" data-e-type=\"container\">\r\n\t\t\t\t\t<div class=\"e-con-inner\">\r\n\t\t<div class=\"elementor-element elementor-element-2843246 e-con-full e-flex e-con e-child\" data-id=\"2843246\" data-element_type=\"container\" data-e-type=\"container\" data-settings=\"{&quot;background_background&quot;:&quot;classic&quot;}\">\r\n\t\t\t\t<\/div>\n\t\t<div class=\"elementor-element elementor-element-a302971 e-con-full e-flex e-con e-child\" data-id=\"a302971\" data-element_type=\"container\" data-e-type=\"container\">\r\n\t\t\t\t<div class=\"elementor-element elementor-element-9b9a982 elementor-widget elementor-widget-heading\" data-id=\"9b9a982\" data-element_type=\"widget\" data-e-type=\"widget\" data-widget_type=\"heading.default\">\n\t\t\t\t\t<h2 class=\"elementor-heading-title elementor-size-default\"><a href=\"https:\/\/www.milenio.com\/estilo\/princesa-chocolata-ropa-historia-daniela-cordero\" target=\"_blank\">Peri\u00f3dico Milenio \u201cRopita con historia\u201d<\/a><\/h2>\t\t\t\t<\/div>\n\t\t\t\t<div class=\"elementor-element elementor-element-9d0ba94 elementor-widget elementor-widget-text-editor\" data-id=\"9d0ba94\" data-element_type=\"widget\" data-e-type=\"widget\" data-widget_type=\"text-editor.default\">\n\t\t\t\t\t\t\t\t\t<p>\u201cLa dise\u00f1adora mexicana habla de su l\u00ednea de ropa para ni\u00f1as \u2018Princesa Chocolata\u2019, la cual busca fomentar el autoestima de las peque\u00f1as desde temprana edad.<\/p><p>La marca nace con una peque\u00f1a colecci\u00f3n de productos, vestidos, abrigos, accesorios, joyer\u00eda e ilustraciones que se completar\u00e1n con el tiempo junto con el desarrollo de las historias de Princesa Chocolata\u201d, expres\u00f3 la emprendedora de 32 a\u00f1os de edad. Cordero, egresada del ITESO, record\u00f3 que aqu\u00ed no hay princesas perfectas, pues cada peque\u00f1a historia tiene una belleza que cautivar\u00e1 a las peque\u00f1as.\u201d<\/p>\t\t\t\t\t\t\t\t<\/div>\n\t\t\t\t<\/div>\n\t\t\t\t\t<\/div>\n\t\t\t\t<\/div>\n\t\t\t\t<\/div>","protected":false},"excerpt":{"rendered":"<p>Taller cuento y juguete en La Candelaria SMA \u00a1Nuevo taller!\u00a0\u00a0Creaci\u00f3n de cuento y juguete \u201cEl mundo fant\u00e1stico de Totito\u201d\u00a0S\u00e1bado 3 de febrero a las 12 del d\u00eda. CUPO LIMITADO. Gratuito. Para ni\u00f1os de 5 a 11 a\u00f1os. Feria de la Candelaria Un taller muy especial con\u00a0Camila S\u00e1nchez, escritora y editora, amiga muy reciente que se [&hellip;]<\/p>\n","protected":false},"author":1,"featured_media":15467,"parent":0,"menu_order":0,"comment_status":"open","ping_status":"closed","template":"","meta":{"footnotes":""},"class_list":["post-12375","page","type-page","status-publish","has-post-thumbnail","hentry"],"_links":{"self":[{"href":"https:\/\/totito-toto.store\/en\/wp-json\/wp\/v2\/pages\/12375","targetHints":{"allow":["GET"]}}],"collection":[{"href":"https:\/\/totito-toto.store\/en\/wp-json\/wp\/v2\/pages"}],"about":[{"href":"https:\/\/totito-toto.store\/en\/wp-json\/wp\/v2\/types\/page"}],"author":[{"embeddable":true,"href":"https:\/\/totito-toto.store\/en\/wp-json\/wp\/v2\/users\/1"}],"replies":[{"embeddable":true,"href":"https:\/\/totito-toto.store\/en\/wp-json\/wp\/v2\/comments?post=12375"}],"version-history":[{"count":35,"href":"https:\/\/totito-toto.store\/en\/wp-json\/wp\/v2\/pages\/12375\/revisions"}],"predecessor-version":[{"id":21166,"href":"https:\/\/totito-toto.store\/en\/wp-json\/wp\/v2\/pages\/12375\/revisions\/21166"}],"wp:featuredmedia":[{"embeddable":true,"href":"https:\/\/totito-toto.store\/en\/wp-json\/wp\/v2\/media\/15467"}],"wp:attachment":[{"href":"https:\/\/totito-toto.store\/en\/wp-json\/wp\/v2\/media?parent=12375"}],"curies":[{"name":"wp","href":"https:\/\/api.w.org\/{rel}","templated":true}]}}