{"id":12940,"date":"2014-09-01T14:51:57","date_gmt":"2014-09-01T14:51:57","guid":{"rendered":"http:\/\/joyn.swiftideas.com\/?page_id=12940"},"modified":"2026-04-09T15:35:14","modified_gmt":"2026-04-09T15:35:14","slug":"portfolio-multi-size-masonry-full-width","status":"publish","type":"page","link":"https:\/\/totito-toto.store\/en\/portfolio-2\/portfolio-multi-size-masonry-full-width\/","title":{"rendered":"Portfolio: Multi-Size Masonry Full-width"},"content":{"rendered":"<div data-elementor-type=\"wp-page\" data-elementor-id=\"12940\" class=\"elementor elementor-12940\">\n\t\t\t\t<div class=\"elementor-element elementor-element-8df5d9c e-con-full e-flex e-con e-parent\" data-id=\"8df5d9c\" data-element_type=\"container\" data-e-type=\"container\" data-settings=\"{&quot;background_background&quot;:&quot;classic&quot;}\">\r\n\t\t\t\t<\/div>\n\t\t<div class=\"elementor-element elementor-element-89710c5 e-con-full e-flex e-con e-parent\" data-id=\"89710c5\" data-element_type=\"container\" data-e-type=\"container\">\r\n\t\t<div class=\"elementor-element elementor-element-ebfa1fa e-con-full e-flex e-con e-child\" data-id=\"ebfa1fa\" data-element_type=\"container\" data-e-type=\"container\">\r\n\t\t\t\t<div class=\"elementor-element elementor-element-be6e1be elementor-widget__width-inherit elementor-widget elementor-widget-porto_ultimate_heading\" data-id=\"be6e1be\" data-element_type=\"widget\" data-e-type=\"widget\" data-widget_type=\"porto_ultimate_heading.default\">\n\t\t\t\t\t<div class=\"porto-u-heading  porto-u-d751713988987e9331980363e24189ce\"><div class=\"porto-u-main-heading\"><h2   >STORYTELLING<br><\/h2><\/div><\/div>\t\t\t\t<\/div>\n\t\t\t\t<div class=\"elementor-element elementor-element-bd2704b elementor-widget elementor-widget-text-editor\" data-id=\"bd2704b\" data-element_type=\"widget\" data-e-type=\"widget\" data-widget_type=\"text-editor.default\">\n\t\t\t\t\t\t\t\t\t<p>Conoce a totito y sus amigos, cada uno es tan especial como t\u00fa.<\/p>\t\t\t\t\t\t\t\t<\/div>\n\t\t\t\t<\/div>\n\t\t\t\t<\/div>\n\t\t<div class=\"porto_stretch_css stretch_row_content_css elementor-element elementor-element-9e88602 e-flex e-con-boxed e-con e-parent\" data-id=\"9e88602\" data-element_type=\"container\" data-e-type=\"container\" data-settings=\"{&quot;background_background&quot;:&quot;classic&quot;}\">\r\n\t\t\t\t\t<div class=\"e-con-inner\">\r\n\t\t<div class=\"elementor-element elementor-element-9ff76e2 e-con-full e-flex e-con e-child\" data-id=\"9ff76e2\" data-element_type=\"container\" data-e-type=\"container\" data-settings=\"{&quot;background_background&quot;:&quot;classic&quot;}\">\r\n\t\t\t\t<div class=\"elementor-element elementor-element-2923048 elementor-widget elementor-widget-text-editor\" data-id=\"2923048\" data-element_type=\"widget\" data-e-type=\"widget\" data-widget_type=\"text-editor.default\">\n\t\t\t\t\t\t\t\t\t<p>Totito <span style=\"text-decoration: line-through; text-decoration-color: #E2615D;\">Burrito<\/span> Unicornio<\/p>\t\t\t\t\t\t\t\t<\/div>\n\t\t\t\t<div class=\"elementor-element elementor-element-25ba2ed elementor-widget__width-auto elementor-widget elementor-widget-image\" data-id=\"25ba2ed\" data-element_type=\"widget\" data-e-type=\"widget\" data-widget_type=\"image.default\">\n\t\t\t\t\t\t\t\t\t\t\t\t\t\t\t<img decoding=\"async\" src=\"https:\/\/totito-toto.store\/wp-content\/uploads\/2022\/02\/Personajes-Color-Solido-04-scaled.png\" title=\"Totito burrito unicornio Personaje\" alt=\"Totito donkey unicorn character\" loading=\"lazy\" \/>\t\t\t\t\t\t\t\t\t\t\t\t\t\t\t<\/div>\n\t\t\t\t<\/div>\n\t\t<div class=\"elementor-element elementor-element-b483396 e-con-full e-flex e-con e-child\" data-id=\"b483396\" data-element_type=\"container\" data-e-type=\"container\">\r\n\t\t\t\t<div class=\"elementor-element elementor-element-f610e44 elementor-widget elementor-widget-text-editor\" data-id=\"f610e44\" data-element_type=\"widget\" data-e-type=\"widget\" data-widget_type=\"text-editor.default\">\n\t\t\t\t\t\t\t\t\t<p>\u201cTotito es un burrito que desea ser\u00a0<\/p><p>unicornio,\u00a0<span style=\"color: inherit; font-family: inherit; font-size: inherit; font-weight: inherit; letter-spacing: inherit;\">piensa que as\u00ed ser\u00e1\u00a0<\/span><\/p><p><span style=\"color: inherit; font-family: inherit; font-size: inherit; font-weight: inherit; letter-spacing: inherit;\">maravilloso,\u00a0<\/span><span style=\"color: inherit; font-family: inherit; font-size: inherit; font-weight: inherit; letter-spacing: inherit;\">pero algo asombroso\u00a0<\/span><\/p><p><span style=\"color: inherit; font-family: inherit; font-size: inherit; font-weight: inherit; letter-spacing: inherit;\">est\u00e1 por saber;\u00a0<\/span><span style=\"color: inherit; font-family: inherit; font-size: inherit; font-weight: inherit; letter-spacing: inherit;\">eso que busca afuera<\/span><\/p><p><span style=\"color: inherit; font-family: inherit; font-size: inherit; font-weight: inherit; letter-spacing: inherit;\">es la magia\u00a0<\/span><span style=\"color: inherit; font-family: inherit; font-size: inherit; font-weight: inherit; letter-spacing: inherit;\">que lleva dentro de \u00e9l\u201d.<\/span><\/p>\t\t\t\t\t\t\t\t<\/div>\n\t\t\t\t<\/div>\n\t\t\t\t\t<\/div>\n\t\t\t\t<\/div>\n\t\t<div class=\"porto_stretch_css stretch_row_content_css elementor-element elementor-element-780324c e-flex e-con-boxed e-con e-parent\" data-id=\"780324c\" data-element_type=\"container\" data-e-type=\"container\" data-settings=\"{&quot;background_background&quot;:&quot;classic&quot;}\">\r\n\t\t\t\t\t<div class=\"e-con-inner\">\r\n\t\t<div class=\"elementor-element elementor-element-d0c287f e-con-full e-flex e-con e-child\" data-id=\"d0c287f\" data-element_type=\"container\" data-e-type=\"container\" data-settings=\"{&quot;background_background&quot;:&quot;classic&quot;}\">\r\n\t\t\t\t<div class=\"elementor-element elementor-element-a4ff781 elementor-widget elementor-widget-text-editor\" data-id=\"a4ff781\" data-element_type=\"widget\" data-e-type=\"widget\" data-widget_type=\"text-editor.default\">\n\t\t\t\t\t\t\t\t\t<p>Miau<\/p>\t\t\t\t\t\t\t\t<\/div>\n\t\t\t\t<div class=\"elementor-element elementor-element-6062bc2 elementor-widget__width-auto elementor-widget elementor-widget-image\" data-id=\"6062bc2\" data-element_type=\"widget\" data-e-type=\"widget\" data-widget_type=\"image.default\">\n\t\t\t\t\t\t\t\t\t\t\t\t\t\t\t<img decoding=\"async\" src=\"https:\/\/totito-toto.store\/wp-content\/uploads\/2022\/02\/Miau-Personaje-Solido.png\" title=\"Personaje Miau gatita\" alt=\"Character Miau kitten\" loading=\"lazy\" \/>\t\t\t\t\t\t\t\t\t\t\t\t\t\t\t<\/div>\n\t\t\t\t<\/div>\n\t\t<div class=\"elementor-element elementor-element-b53fdee e-con-full e-flex e-con e-child\" data-id=\"b53fdee\" data-element_type=\"container\" data-e-type=\"container\">\r\n\t\t\t\t<div class=\"elementor-element elementor-element-a1b2a0e elementor-widget elementor-widget-text-editor\" data-id=\"a1b2a0e\" data-element_type=\"widget\" data-e-type=\"widget\" data-widget_type=\"text-editor.default\">\n\t\t\t\t\t\t\t\t\t<p>\u201cMiau naci\u00f3 un d\u00eda fr\u00edo de&nbsp;<span style=\"color: inherit; font-family: inherit; font-size: inherit; font-weight: inherit; letter-spacing: inherit;\">lluvia&nbsp;<\/span><\/p><p><span style=\"color: inherit; font-family: inherit; font-size: inherit; font-weight: inherit; letter-spacing: inherit;\">con sol.&nbsp;<\/span><span style=\"color: inherit; font-family: inherit; font-size: inherit; font-weight: inherit; letter-spacing: inherit;\">Por eso, el fr\u00edo en sus&nbsp;<\/span><\/p><p><span style=\"color: inherit; font-family: inherit; font-size: inherit; font-weight: inherit; letter-spacing: inherit;\">patitas,&nbsp;<\/span><span style=\"color: inherit; font-family: inherit; font-size: inherit; font-weight: inherit; letter-spacing: inherit;\">su cola de arco\u00edris y en&nbsp;<\/span><span style=\"color: inherit; font-family: inherit; font-size: inherit; font-weight: inherit; letter-spacing: inherit;\">su&nbsp;<\/span><\/p>\n<p><span style=\"color: inherit; font-family: inherit; font-size: inherit; font-weight: inherit; letter-spacing: inherit;\">coraz\u00f3n una canci\u00f3n.<\/span><span style=\"color: inherit; font-family: inherit; font-size: inherit; font-weight: inherit; letter-spacing: inherit;\">\u201d.<\/span><\/p>\t\t\t\t\t\t\t\t<\/div>\n\t\t\t\t<\/div>\n\t\t\t\t\t<\/div>\n\t\t\t\t<\/div>\n\t\t<div class=\"porto_stretch_css stretch_row_content_css elementor-element elementor-element-b149414 e-flex e-con-boxed e-con e-parent\" data-id=\"b149414\" data-element_type=\"container\" data-e-type=\"container\" data-settings=\"{&quot;background_background&quot;:&quot;classic&quot;}\">\r\n\t\t\t\t\t<div class=\"e-con-inner\">\r\n\t\t<div class=\"elementor-element elementor-element-e7f6529 e-con-full e-flex e-con e-child\" data-id=\"e7f6529\" data-element_type=\"container\" data-e-type=\"container\" data-settings=\"{&quot;background_background&quot;:&quot;classic&quot;}\">\r\n\t\t\t\t<div class=\"elementor-element elementor-element-bda053d elementor-widget elementor-widget-text-editor\" data-id=\"bda053d\" data-element_type=\"widget\" data-e-type=\"widget\" data-widget_type=\"text-editor.default\">\n\t\t\t\t\t\t\t\t\t<p>Cometa<\/p>\t\t\t\t\t\t\t\t<\/div>\n\t\t\t\t<div class=\"elementor-element elementor-element-efa5636 elementor-widget__width-auto elementor-widget elementor-widget-image\" data-id=\"efa5636\" data-element_type=\"widget\" data-e-type=\"widget\" data-widget_type=\"image.default\">\n\t\t\t\t\t\t\t\t\t\t\t\t\t\t\t<img decoding=\"async\" src=\"https:\/\/totito-toto.store\/wp-content\/uploads\/2022\/02\/Personajes-Color-Solido-01-1-scaled.png\" title=\"Cometa personaje osito\" alt=\"Cometa personaje osito\" loading=\"lazy\" \/>\t\t\t\t\t\t\t\t\t\t\t\t\t\t\t<\/div>\n\t\t\t\t<\/div>\n\t\t<div class=\"elementor-element elementor-element-10c4708 e-con-full e-flex e-con e-child\" data-id=\"10c4708\" data-element_type=\"container\" data-e-type=\"container\">\r\n\t\t\t\t<div class=\"elementor-element elementor-element-971652d elementor-widget elementor-widget-text-editor\" data-id=\"971652d\" data-element_type=\"widget\" data-e-type=\"widget\" data-widget_type=\"text-editor.default\">\n\t\t\t\t\t\t\t\t\t<p>\u201cPara Cometa todos los d\u00edas es su\u00a0<\/p><p>cumplea\u00f1os\u2026o al menos eso cree,\u00a0<\/p><p>pero no le digan nada, para que siga\u00a0<\/p><p>soplando la vela y comiendo pastel<span style=\"color: inherit; font-family: inherit; font-size: inherit; font-weight: inherit; letter-spacing: inherit;\">\u201d.<\/span><\/p>\t\t\t\t\t\t\t\t<\/div>\n\t\t\t\t<\/div>\n\t\t\t\t\t<\/div>\n\t\t\t\t<\/div>\n\t\t<div class=\"porto_stretch_css stretch_row_content_css elementor-element elementor-element-7fa8a16 e-flex e-con-boxed e-con e-parent\" data-id=\"7fa8a16\" data-element_type=\"container\" data-e-type=\"container\" data-settings=\"{&quot;background_background&quot;:&quot;classic&quot;}\">\r\n\t\t\t\t\t<div class=\"e-con-inner\">\r\n\t\t<div class=\"elementor-element elementor-element-bc645a7 e-con-full e-flex e-con e-child\" data-id=\"bc645a7\" data-element_type=\"container\" data-e-type=\"container\" data-settings=\"{&quot;background_background&quot;:&quot;classic&quot;}\">\r\n\t\t\t\t<div class=\"elementor-element elementor-element-8262b28 elementor-widget elementor-widget-text-editor\" data-id=\"8262b28\" data-element_type=\"widget\" data-e-type=\"widget\" data-widget_type=\"text-editor.default\">\n\t\t\t\t\t\t\t\t\t<p>Bla Blaa<\/p>\t\t\t\t\t\t\t\t<\/div>\n\t\t\t\t<div class=\"elementor-element elementor-element-32c25c1 elementor-widget__width-auto elementor-widget elementor-widget-image\" data-id=\"32c25c1\" data-element_type=\"widget\" data-e-type=\"widget\" data-widget_type=\"image.default\">\n\t\t\t\t\t\t\t\t\t\t\t\t\t\t\t<img decoding=\"async\" src=\"https:\/\/totito-toto.store\/wp-content\/uploads\/2022\/02\/Personajes-Color-Solido-02-scaled.png\" title=\"Personajes pajaritos  Bla Blaa\" alt=\"Personajes pajaritos  Bla Blaa\" loading=\"lazy\" \/>\t\t\t\t\t\t\t\t\t\t\t\t\t\t\t<\/div>\n\t\t\t\t<\/div>\n\t\t<div class=\"elementor-element elementor-element-18fa0f5 e-con-full e-flex e-con e-child\" data-id=\"18fa0f5\" data-element_type=\"container\" data-e-type=\"container\">\r\n\t\t\t\t<div class=\"elementor-element elementor-element-b8b5012 elementor-widget elementor-widget-text-editor\" data-id=\"b8b5012\" data-element_type=\"widget\" data-e-type=\"widget\" data-widget_type=\"text-editor.default\">\n\t\t\t\t\t\t\t\t\t<p>\u201cLos hermanos Bla Blaa no paran de&nbsp;<\/p><p>hablar pues les hace recordar, que&nbsp;<\/p><p>entre la estrellas se encuentra su mam\u00e1<span style=\"color: inherit; font-family: inherit; font-size: inherit; font-weight: inherit; letter-spacing: inherit;\">\u201d.<\/span><\/p>\t\t\t\t\t\t\t\t<\/div>\n\t\t\t\t<\/div>\n\t\t\t\t\t<\/div>\n\t\t\t\t<\/div>\n\t\t\t\t<\/div>","protected":false},"excerpt":{"rendered":"<p>PERSONAJES Conoce a totito y sus amigos, cada uno es tan especial como t\u00fa. Totito Burrito Unicornio \u201cTotito es un burrito que desea ser\u00a0 unicornio,\u00a0piensa que as\u00ed ser\u00e1\u00a0 maravilloso,\u00a0pero algo asombroso\u00a0 est\u00e1 por saber;\u00a0eso que busca afuera es la magia\u00a0que lleva dentro de \u00e9l\u201d. Miau \u201cMiau naci\u00f3 un d\u00eda fr\u00edo de&nbsp;lluvia&nbsp; con sol.&nbsp;Por eso, el [&hellip;]<\/p>\n","protected":false},"author":1,"featured_media":0,"parent":11290,"menu_order":0,"comment_status":"open","ping_status":"open","template":"","meta":{"footnotes":""},"class_list":["post-12940","page","type-page","status-publish","hentry"],"_links":{"self":[{"href":"https:\/\/totito-toto.store\/en\/wp-json\/wp\/v2\/pages\/12940","targetHints":{"allow":["GET"]}}],"collection":[{"href":"https:\/\/totito-toto.store\/en\/wp-json\/wp\/v2\/pages"}],"about":[{"href":"https:\/\/totito-toto.store\/en\/wp-json\/wp\/v2\/types\/page"}],"author":[{"embeddable":true,"href":"https:\/\/totito-toto.store\/en\/wp-json\/wp\/v2\/users\/1"}],"replies":[{"embeddable":true,"href":"https:\/\/totito-toto.store\/en\/wp-json\/wp\/v2\/comments?post=12940"}],"version-history":[{"count":156,"href":"https:\/\/totito-toto.store\/en\/wp-json\/wp\/v2\/pages\/12940\/revisions"}],"predecessor-version":[{"id":21573,"href":"https:\/\/totito-toto.store\/en\/wp-json\/wp\/v2\/pages\/12940\/revisions\/21573"}],"up":[{"embeddable":true,"href":"https:\/\/totito-toto.store\/en\/wp-json\/wp\/v2\/pages\/11290"}],"wp:attachment":[{"href":"https:\/\/totito-toto.store\/en\/wp-json\/wp\/v2\/media?parent=12940"}],"curies":[{"name":"wp","href":"https:\/\/api.w.org\/{rel}","templated":true}]}}