{"id":13752,"date":"2014-12-04T15:40:59","date_gmt":"2014-12-04T15:40:59","guid":{"rendered":"http:\/\/atelier.swiftideas.com\/?page_id=13752"},"modified":"2025-10-28T17:44:41","modified_gmt":"2025-10-28T17:44:41","slug":"size-and-fit","status":"publish","type":"page","link":"https:\/\/totito-toto.store\/en\/guias-de-tallas\/size-and-fit\/","title":{"rendered":"Fit &#038; Estilo"},"content":{"rendered":"<div data-elementor-type=\"wp-page\" data-elementor-id=\"13752\" class=\"elementor elementor-13752\">\n\t\t\t\t<div class=\"elementor-element elementor-element-e0c4758 e-con-full e-flex e-con e-parent\" data-id=\"e0c4758\" data-element_type=\"container\" data-e-type=\"container\">\r\n\t\t<div data-plugin-parallax=\"\" data-plugin-options=\"{&quot;speed&quot;: 1.5}\" data-image-src=\"https:\/\/totito-toto.store\/wp-content\/uploads\/2025\/10\/VAC_2804-scaled.jpg\" class=\"elementor-element elementor-element-07a67fd e-con-full e-flex e-con e-child\" data-id=\"07a67fd\" data-element_type=\"container\" data-e-type=\"container\" data-settings=\"{&quot;background_background&quot;:&quot;classic&quot;}\">\r\n\t\t\t\t<\/div>\n\t\t<div class=\"elementor-element elementor-element-8390fac e-con-full e-flex e-con e-child\" data-id=\"8390fac\" data-element_type=\"container\" data-e-type=\"container\">\r\n\t\t\t\t<div class=\"elementor-element elementor-element-9a4384f elementor-widget elementor-widget-heading\" data-id=\"9a4384f\" data-element_type=\"widget\" data-e-type=\"widget\" data-widget_type=\"heading.default\">\n\t\t\t\t\t<h2 class=\"elementor-heading-title elementor-size-default\">FIT &amp; ESTILO<\/h2>\t\t\t\t<\/div>\n\t\t\t\t<div class=\"elementor-element elementor-element-3622c96 elementor-widget elementor-widget-text-editor\" data-id=\"3622c96\" data-element_type=\"widget\" data-e-type=\"widget\" data-widget_type=\"text-editor.default\">\n\t\t\t\t\t\t\t\t\t<p>En\u00a0<strong>Totito Tot\u00f3<\/strong>\u00a0dise\u00f1amos la colecci\u00f3n de prendas infantiles para que sean \u00a0atemporales, inclusive que acompa\u00f1ados de distintos accesorios se puedan usar en todas las estaciones del a\u00f1o.<\/p><p><span style=\"color: inherit; font-family: inherit; font-size: inherit; font-weight: inherit; letter-spacing: inherit;\">El dise\u00f1o y patronaje es inspirado para un ni\u00f1os que juegan, imaginan y se divierten, es por eso que la colecci\u00f3n buscan tener un fit relax, c\u00f3modo con bellos detalles, as\u00ed como con complementos que puedan ser pr\u00e1cticos para el ni\u00f1o en su d\u00eda a d\u00eda.<\/span><\/p><p><span style=\"color: inherit; font-family: inherit; font-size: inherit; font-weight: inherit; letter-spacing: inherit;\">La seguridad de las piezas cuentan con supervisi\u00f3n ante las etapas de la ni\u00f1ez, de la misma manera los materiales y accesorios.<\/span><\/p>\t\t\t\t\t\t\t\t<\/div>\n\t\t\t\t<div class=\"elementor-element elementor-element-0ee6374 elementor-widget elementor-widget-heading\" data-id=\"0ee6374\" data-element_type=\"widget\" data-e-type=\"widget\" data-widget_type=\"heading.default\">\n\t\t\t\t\t<h2 class=\"elementor-heading-title elementor-size-default\">GU\u00cdA DE TALLAS INFANTIL<\/h2>\t\t\t\t<\/div>\n\t\t\t\t<div class=\"elementor-element elementor-element-f4856a4 elementor-widget elementor-widget-heading\" data-id=\"f4856a4\" data-element_type=\"widget\" data-e-type=\"widget\" data-widget_type=\"heading.default\">\n\t\t\t\t\t<h2 class=\"elementor-heading-title elementor-size-default\">Unisex<\/h2>\t\t\t\t<\/div>\n\t\t\t\t<div class=\"elementor-element elementor-element-f3898eb elementor-widget elementor-widget-heading\" data-id=\"f3898eb\" data-element_type=\"widget\" data-e-type=\"widget\" data-widget_type=\"heading.default\">\n\t\t\t\t\t<h2 class=\"elementor-heading-title elementor-size-default\">BEB\u00c9S<\/h2>\t\t\t\t<\/div>\n\t\t\t\t<div class=\"elementor-element elementor-element-8821d19 elementor-widget__width-initial elementor-widget elementor-widget-html\" data-id=\"8821d19\" data-element_type=\"widget\" data-e-type=\"widget\" data-widget_type=\"html.default\">\n\t\t\t\t\t<style>\n.tabla-tallas {\n  width: 100%;\n  border-collapse: collapse;\n  margin-top: 20px;\n  font-family: 'Nunito', sans-serif;\n  color: #243441; \/* Azul oscuro *\/\n  font-size: 15px;\n  text-align: center;\n}\n\n.tabla-tallas th,\n.tabla-tallas td {\n  border: 1px solid #a0b5c0; \/* Azul claro *\/\n  padding: 8px;\n  background: none;\n}\n\n.tabla-tallas th {\n  font-weight: 600;\n}\n<\/style>\n\n<table class=\"tabla-tallas\">\n  <tr>\n    <th><\/th>\n    <th>0-3<\/th>\n    <th>3-6<\/th>\n    <th>6-9<\/th>\n    <th>9-12<\/th>\n    <th>12-18<\/th>\n    <th>18-24<\/th>\n  <\/tr>\n  <tr>\n    <td>Edad<\/td>\n    <td>meses<\/td>\n    <td>meses<\/td>\n    <td>meses<\/td>\n    <td>meses<\/td>\n    <td>meses<\/td>\n    <td>meses<\/td>\n  <\/tr>\n  <tr>\n    <td>Altura (cm)<\/td>\n    <td>60<\/td>\n    <td>66<\/td>\n    <td>72<\/td>\n    <td>78<\/td>\n    <td>84<\/td>\n    <td>90<\/td>\n  <\/tr>\n  <tr>\n    <td>Pecho (cm)<\/td>\n    <td>42<\/td>\n    <td>44<\/td>\n    <td>46<\/td>\n    <td>48<\/td>\n    <td>50<\/td>\n    <td>52<\/td>\n  <\/tr>\n  <tr>\n    <td>Cintura (cm)<\/td>\n    <td>43<\/td>\n    <td>45<\/td>\n    <td>47<\/td>\n    <td>49<\/td>\n    <td>50<\/td>\n    <td>51<\/td>\n  <\/tr>\n  <tr>\n    <td>Cadera (cm)<\/td>\n    <td>44<\/td>\n    <td>47<\/td>\n    <td>49<\/td>\n    <td>51<\/td>\n    <td>53<\/td>\n    <td>55<\/td>\n  <\/tr>\n<\/table>\t\t\t\t<\/div>\n\t\t\t\t<div class=\"elementor-element elementor-element-62bcb1f elementor-widget elementor-widget-heading\" data-id=\"62bcb1f\" data-element_type=\"widget\" data-e-type=\"widget\" data-widget_type=\"heading.default\">\n\t\t\t\t\t<h2 class=\"elementor-heading-title elementor-size-default\">NI\u00d1OS<\/h2>\t\t\t\t<\/div>\n\t\t\t\t<div class=\"elementor-element elementor-element-bdc7456 elementor-widget__width-initial elementor-widget elementor-widget-html\" data-id=\"bdc7456\" data-element_type=\"widget\" data-e-type=\"widget\" data-widget_type=\"html.default\">\n\t\t\t\t\t<style>\n.tabla-tallas {\n  width: 100%;\n  border-collapse: collapse;\n  margin-top: 20px;\n  font-family: 'Nunito', sans-serif;\n  color: #243441; \/* Azul oscuro *\/\n  font-size: 15px;\n  text-align: center;\n}\n\n.tabla-tallas th,\n.tabla-tallas td {\n  border: 1px solid #F9BDA8; \/* Azul claro *\/\n  padding: 8px;\n  background: none;\n}\n\n.tabla-tallas th {\n  font-weight: 600;\n}\n<\/style>\n\n<table class=\"tabla-tallas\">\n  <tr>\n    <th><\/th>\n    <th>2<\/th>\n    <th>3<\/th>\n    <th>4<\/th>\n    <th>5<\/th>\n    <th>6<\/th>\n    <th>7<\/th>\n  <\/tr>\n  <tr>\n    <td>Edad<\/td>\n    <td>a\u00f1os<\/td>\n    <td>a\u00f1os<\/td>\n    <td>a\u00f1os<\/td>\n    <td>a\u00f1os<\/td>\n    <td>a\u00f1os<\/td>\n    <td>a\u00f1os<\/td>\n  <\/tr>\n  <tr>\n    <td>Altura (cm)<\/td>\n    <td>96<\/td>\n    <td>102<\/td>\n    <td>106<\/td>\n    <td>110<\/td>\n    <td>114<\/td>\n    <td>118<\/td>\n  <\/tr>\n  <tr>\n    <td>Pecho (cm)<\/td>\n    <td>54<\/td>\n    <td>56<\/td>\n    <td>58<\/td>\n    <td>60<\/td>\n    <td>62<\/td>\n    <td>64<\/td>\n  <\/tr>\n  <tr>\n    <td>Cintura (cm)<\/td>\n    <td>52<\/td>\n    <td>53.5<\/td>\n    <td>55<\/td>\n    <td>56<\/td>\n    <td>57<\/td>\n    <td>58<\/td>\n  <\/tr>\n  <tr>\n    <td>Cadera (cm)<\/td>\n    <td>44<\/td>\n    <td>59<\/td>\n    <td>61<\/td>\n    <td>63<\/td>\n    <td>64<\/td>\n    <td>66<\/td>\n  <\/tr>\n  <tr>\n    <td>Entrepierna (cm)<\/td>\n    <td>41<\/td>\n    <td>43<\/td>\n    <td>45<\/td>\n    <td>47<\/td>\n    <td>50<\/td>\n    <td>54<\/td>\n  <\/tr>\n<\/table>\t\t\t\t<\/div>\n\t\t\t\t<\/div>\n\t\t\t\t<\/div>\n\t\t\t\t<\/div>","protected":false},"excerpt":{"rendered":"<p>FIT &amp; ESTILO En\u00a0Totito Tot\u00f3\u00a0dise\u00f1amos la colecci\u00f3n de prendas infantiles para que sean \u00a0atemporales, inclusive que acompa\u00f1ados de distintos accesorios se puedan usar en todas las estaciones del a\u00f1o. El dise\u00f1o y patronaje es inspirado para un ni\u00f1os que juegan, imaginan y se divierten, es por eso que la colecci\u00f3n buscan tener un fit relax, [&hellip;]<\/p>\n","protected":false},"author":1,"featured_media":0,"parent":192,"menu_order":0,"comment_status":"open","ping_status":"open","template":"","meta":{"footnotes":""},"class_list":["post-13752","page","type-page","status-publish","hentry"],"_links":{"self":[{"href":"https:\/\/totito-toto.store\/en\/wp-json\/wp\/v2\/pages\/13752","targetHints":{"allow":["GET"]}}],"collection":[{"href":"https:\/\/totito-toto.store\/en\/wp-json\/wp\/v2\/pages"}],"about":[{"href":"https:\/\/totito-toto.store\/en\/wp-json\/wp\/v2\/types\/page"}],"author":[{"embeddable":true,"href":"https:\/\/totito-toto.store\/en\/wp-json\/wp\/v2\/users\/1"}],"replies":[{"embeddable":true,"href":"https:\/\/totito-toto.store\/en\/wp-json\/wp\/v2\/comments?post=13752"}],"version-history":[{"count":56,"href":"https:\/\/totito-toto.store\/en\/wp-json\/wp\/v2\/pages\/13752\/revisions"}],"predecessor-version":[{"id":20073,"href":"https:\/\/totito-toto.store\/en\/wp-json\/wp\/v2\/pages\/13752\/revisions\/20073"}],"up":[{"embeddable":true,"href":"https:\/\/totito-toto.store\/en\/wp-json\/wp\/v2\/pages\/192"}],"wp:attachment":[{"href":"https:\/\/totito-toto.store\/en\/wp-json\/wp\/v2\/media?parent=13752"}],"curies":[{"name":"wp","href":"https:\/\/api.w.org\/{rel}","templated":true}]}}