{"id":178,"date":"2021-11-25T22:23:45","date_gmt":"2021-11-25T22:23:45","guid":{"rendered":"https:\/\/totito-toto.store\/?page_id=178"},"modified":"2022-09-12T23:11:41","modified_gmt":"2022-09-12T23:11:41","slug":"encuentranos","status":"publish","type":"page","link":"https:\/\/totito-toto.store\/en\/encuentranos\/","title":{"rendered":"Encu\u00e9ntranos"},"content":{"rendered":"<p style=\"text-align: center;\">Gracias por tu inter\u00e9s en <strong>totito tot\u00f3<\/strong><\/p>\n<p style=\"text-align: center;\">&#8211;<\/p>\n<p style=\"text-align: center;\"><em>Distribuci\u00f3n &amp; Ventas<\/em><\/p>\n<p style=\"text-align: center;\">wholesale@totito-toto.store<\/p>\n<p style=\"text-align: center;\">&#8211;<\/p>\n<p style=\"text-align: center;\"><strong> totito tot\u00f3 <\/strong><\/p>\n<p style=\"text-align: center;\">Guadalajara, M\u00e9xico<\/p>\n<p style=\"text-align: center;\">hola@totito-toto.store<\/p>","protected":false},"excerpt":{"rendered":"<p>Gracias por tu inter\u00e9s en totito tot\u00f3 &#8211; Distribuci\u00f3n &amp; Ventas wholesale@totito-toto.store &#8211; totito tot\u00f3 Guadalajara, M\u00e9xico hola@totito-toto.store<\/p>","protected":false},"author":1,"featured_media":0,"parent":0,"menu_order":0,"comment_status":"closed","ping_status":"closed","template":"","meta":{"footnotes":""},"class_list":["post-178","page","type-page","status-publish","hentry"],"_links":{"self":[{"href":"https:\/\/totito-toto.store\/en\/wp-json\/wp\/v2\/pages\/178","targetHints":{"allow":["GET"]}}],"collection":[{"href":"https:\/\/totito-toto.store\/en\/wp-json\/wp\/v2\/pages"}],"about":[{"href":"https:\/\/totito-toto.store\/en\/wp-json\/wp\/v2\/types\/page"}],"author":[{"embeddable":true,"href":"https:\/\/totito-toto.store\/en\/wp-json\/wp\/v2\/users\/1"}],"replies":[{"embeddable":true,"href":"https:\/\/totito-toto.store\/en\/wp-json\/wp\/v2\/comments?post=178"}],"version-history":[{"count":5,"href":"https:\/\/totito-toto.store\/en\/wp-json\/wp\/v2\/pages\/178\/revisions"}],"predecessor-version":[{"id":17177,"href":"https:\/\/totito-toto.store\/en\/wp-json\/wp\/v2\/pages\/178\/revisions\/17177"}],"wp:attachment":[{"href":"https:\/\/totito-toto.store\/en\/wp-json\/wp\/v2\/media?parent=178"}],"curies":[{"name":"wp","href":"https:\/\/api.w.org\/{rel}","templated":true}]}}