{"id":14919,"date":"2022-01-19T03:26:12","date_gmt":"2022-01-19T03:26:12","guid":{"rendered":"https:\/\/totito-toto.store\/?post_type=product&#038;p=14919"},"modified":"2026-02-23T17:38:41","modified_gmt":"2026-02-23T17:38:41","slug":"vestido-abeja","status":"publish","type":"product","link":"https:\/\/totito-toto.store\/en\/product\/prenda-promocion-2\/vestido-prenda-promocion-2\/vestido-abeja\/","title":{"rendered":"Vestido Abeja"},"content":{"rendered":"<h3>Vestido Abeja:<\/h3>\n<ul>\n<li>Confeccionada en 100% algod\u00f3n mexicano.<\/li>\n<li>Mangas japonesas.<\/li>\n<li>Cierre con botones de colores en la espalda.<\/li>\n<li>Bolsas amplias en los laterales para guardar peque\u00f1os tesoros.<\/li>\n<li>Incluye cubre-pa\u00f1al de la talla 0-3 meses hasta la talla 2 a\u00f1os.<\/li>\n<\/ul>\n<h3>Cuidados:<\/h3>\n<ul>\n<li>Lavar a mano con agua fr\u00eda o en ciclo delicado.<\/li>\n<li>No usar blanqueador.<\/li>\n<li>No secar en secadora para conservar la suavidad y color.<\/li>\n<\/ul>\n<p>KIDS STORE | KIDS STORE | KIDS STORE |<\/p>","protected":false},"excerpt":{"rendered":"<p>Vestido 100% algod\u00f3n mexicano, largo, c\u00f3modo, corte de princesa y manga japonesa. Bolsas amplias en los costados, con tela tejida y dise\u00f1ada para la colecci\u00f3n, listas para guardar peque\u00f1os hallazgos y aventuras del d\u00eda, la espalda se adorna con botones de colores, creando un toque divertido y especial.<br \/>\nUn vestido c\u00f3modo, cl\u00e1sico y con toda la magia del juego y la imaginaci\u00f3n.<\/p>","protected":false},"featured_media":16746,"template":"","meta":[],"product_brand":[],"product_cat":[278,314],"product_tag":[86,47,226,90,216,178,325],"class_list":{"0":"post-14919","1":"product","2":"type-product","3":"status-publish","4":"has-post-thumbnail","6":"product_cat-prenda-promocion-2","7":"product_cat-vestido-prenda-promocion-2","8":"product_tag-childrenswear","9":"product_tag-cotton","10":"product_tag-gift","11":"product_tag-girl","12":"product_tag-madeofmagic","13":"product_tag-rainbow","14":"product_tag-totito_toto","15":"pa_color-ocre","17":"first","18":"instock","19":"sale","20":"featured","21":"taxable","22":"shipping-taxable","23":"purchasable","24":"product-type-variable","25":"has-default-attributes"},"bundle_layout":"","bundle_add_to_cart_form_location":"","bundle_editable_in_cart":false,"bundle_sold_individually_context":"","bundle_item_grouping":"","bundle_min_size":"","bundle_max_size":"","bundled_by":[],"bundled_items":[],"_links":{"self":[{"href":"https:\/\/totito-toto.store\/en\/wp-json\/wp\/v2\/product\/14919","targetHints":{"allow":["GET"]}}],"collection":[{"href":"https:\/\/totito-toto.store\/en\/wp-json\/wp\/v2\/product"}],"about":[{"href":"https:\/\/totito-toto.store\/en\/wp-json\/wp\/v2\/types\/product"}],"wp:featuredmedia":[{"embeddable":true,"href":"https:\/\/totito-toto.store\/en\/wp-json\/wp\/v2\/media\/16746"}],"wp:attachment":[{"href":"https:\/\/totito-toto.store\/en\/wp-json\/wp\/v2\/media?parent=14919"}],"wp:term":[{"taxonomy":"product_brand","embeddable":true,"href":"https:\/\/totito-toto.store\/en\/wp-json\/wp\/v2\/product_brand?post=14919"},{"taxonomy":"product_cat","embeddable":true,"href":"https:\/\/totito-toto.store\/en\/wp-json\/wp\/v2\/product_cat?post=14919"},{"taxonomy":"product_tag","embeddable":true,"href":"https:\/\/totito-toto.store\/en\/wp-json\/wp\/v2\/product_tag?post=14919"}],"curies":[{"name":"wp","href":"https:\/\/api.w.org\/{rel}","templated":true}]}}