{"id":14924,"date":"2022-01-19T03:26:13","date_gmt":"2022-01-19T03:26:13","guid":{"rendered":"https:\/\/totito-toto.store\/?post_type=product&#038;p=14924"},"modified":"2026-02-23T17:36:21","modified_gmt":"2026-02-23T17:36:21","slug":"falda-ardilla","status":"publish","type":"product","link":"https:\/\/totito-toto.store\/en\/product\/prenda-promocion-2\/falda-prenda-promocion-2\/falda-ardilla\/","title":{"rendered":"Falda Ardilla Ocre"},"content":{"rendered":"<h3>Falda Ardilla Ocre:<\/h3>\n<ul>\n<li>Confeccionada en 100% algod\u00f3n mexicano.<\/li>\n<li>Cintura con resorte que garantiza comodidad durante todo el d\u00eda.<\/li>\n<li>Corte plisado y c\u00f3modo, ideal para moverse y jugar.<\/li>\n<li>Bolsas amplias en los laterales para guardar peque\u00f1os tesoros.<\/li>\n<li>Incluye cubre-pa\u00f1al de la talla 0-3 meses hasta la talla 2 a\u00f1os.<\/li>\n<\/ul>\n<h3>Cuidados:<\/h3>\n<ul>\n<li>Lavar a mano con agua fr\u00eda o en ciclo delicado.<\/li>\n<li>No usar blanqueador.<\/li>\n<li>No secar en secadora para conservar la suavidad y color.<\/li>\n<\/ul>\n<p>&nbsp;<\/p>\n<p>KIDS STORE | KIDS STORE | KIDS STORE |<\/p>","protected":false},"excerpt":{"rendered":"<p>Falda volante super c\u00f3moda y vers\u00e1til, color rosita peonia casi color bomb\u00f3n. Resorte ancho y bolsas amplias en los costados para que puedas jugar y llevar tus juguetes dentro de ellas.<\/p>","protected":false},"featured_media":16786,"template":"","meta":[],"product_brand":[],"product_cat":[318,278],"product_tag":[86,47,226,90,216,325],"class_list":{"0":"post-14924","1":"product","2":"type-product","3":"status-publish","4":"has-post-thumbnail","6":"product_cat-falda-prenda-promocion-2","7":"product_cat-prenda-promocion-2","8":"product_tag-childrenswear","9":"product_tag-cotton","10":"product_tag-gift","11":"product_tag-girl","12":"product_tag-madeofmagic","13":"product_tag-totito_toto","14":"pa_color-ocre","15":"pa_color-rosita-peonia","17":"first","18":"instock","19":"sale","20":"featured","21":"taxable","22":"shipping-taxable","23":"purchasable","24":"product-type-variable"},"bundle_layout":"","bundle_add_to_cart_form_location":"","bundle_editable_in_cart":false,"bundle_sold_individually_context":"","bundle_item_grouping":"","bundle_min_size":"","bundle_max_size":"","bundled_by":["15519"],"bundled_items":[],"_links":{"self":[{"href":"https:\/\/totito-toto.store\/en\/wp-json\/wp\/v2\/product\/14924","targetHints":{"allow":["GET"]}}],"collection":[{"href":"https:\/\/totito-toto.store\/en\/wp-json\/wp\/v2\/product"}],"about":[{"href":"https:\/\/totito-toto.store\/en\/wp-json\/wp\/v2\/types\/product"}],"wp:featuredmedia":[{"embeddable":true,"href":"https:\/\/totito-toto.store\/en\/wp-json\/wp\/v2\/media\/16786"}],"wp:attachment":[{"href":"https:\/\/totito-toto.store\/en\/wp-json\/wp\/v2\/media?parent=14924"}],"wp:term":[{"taxonomy":"product_brand","embeddable":true,"href":"https:\/\/totito-toto.store\/en\/wp-json\/wp\/v2\/product_brand?post=14924"},{"taxonomy":"product_cat","embeddable":true,"href":"https:\/\/totito-toto.store\/en\/wp-json\/wp\/v2\/product_cat?post=14924"},{"taxonomy":"product_tag","embeddable":true,"href":"https:\/\/totito-toto.store\/en\/wp-json\/wp\/v2\/product_tag?post=14924"}],"curies":[{"name":"wp","href":"https:\/\/api.w.org\/{rel}","templated":true}]}}