{"id":14929,"date":"2022-01-19T03:26:13","date_gmt":"2022-01-19T03:26:13","guid":{"rendered":"https:\/\/totito-toto.store\/?post_type=product&#038;p=14929"},"modified":"2025-11-12T20:44:00","modified_gmt":"2025-11-12T20:44:00","slug":"gatita-miau-peluche-de-tela","status":"publish","type":"product","link":"https:\/\/totito-toto.store\/en\/product\/peluche\/softoy-peluche\/gatita-miau-peluche-de-tela\/","title":{"rendered":"Peluche Gatita Miau"},"content":{"rendered":"<h3><strong>GATITA MIAU<\/strong><\/h3>\n<p>Miau es una gatita de peluche hecha a mano por manos mexicanas con tela de 100% algod\u00f3n, suave, natural y duradero. Adem\u00e1s tiene un ingenioso sistema en la cabeza que permite la posibilidad de agregar distintos accesorios de sus otros amigos y los que salgan en nuevas colecciones.<\/p>\n<p>Perfecta para abrazar, ideal para ni\u00f1as, ni\u00f1os, amantes de los gatos y corazones grandes.<\/p>\n<h3>ESPECIFICACIONES<\/h3>\n<ol>\n<li>Dimensiones con orejas ca\u00eddas, 17 cm ancho x 36 cm de longitud<\/li>\n<li>N\u00famero de piezas : 1<\/li>\n<li>Necesita bater\u00eda : no<\/li>\n<li>Tipo de material :\n<ul>\n<li><strong>+ Exterior :<\/strong> tela de algod\u00f3n<\/li>\n<li><strong>+ Interior :<\/strong>\u00a0relleno microgel, hipoal\u00e9rgenico de alta suavidad.<\/li>\n<\/ul>\n<\/li>\n<li>Color : Coral con cola multicolor<\/li>\n<li>Peso de producto 172gr<\/li>\n<li>Recomendable para mayores de 1 a\u00f1o<\/li>\n<\/ol>\n<p><strong>KIDS STORE \u00b7 KIDS STORE \u00b7 KIDS STORE<\/strong><\/p>","protected":false},"excerpt":{"rendered":"<h3><span class=\"notion-enable-hover\" data-token-index=\"0\" data-reactroot=\"\">MADE OF MAGIC<\/span><\/h3>\n<p><strong>Miau naci\u00f3 un d\u00eda fr\u00edo de lluvia con sol. Por eso, el fr\u00edo en sus patitas, su cola de arco\u00edris y en su coraz\u00f3n una canci\u00f3n.<\/strong><\/p>","protected":false},"featured_media":18905,"template":"","meta":[],"product_brand":[],"product_cat":[277,280],"product_tag":[225,226,224,216,223,325],"class_list":{"0":"post-14929","1":"product","2":"type-product","3":"status-publish","4":"has-post-thumbnail","6":"product_cat-peluche","7":"product_cat-softoy-peluche","8":"product_tag-gatita","9":"product_tag-gift","10":"product_tag-kitten","11":"product_tag-madeofmagic","12":"product_tag-softoy","13":"product_tag-totito_toto","15":"first","16":"instock","17":"featured","18":"taxable","19":"shipping-taxable","20":"purchasable","21":"product-type-simple"},"bundle_layout":"","bundle_add_to_cart_form_location":"","bundle_editable_in_cart":false,"bundle_sold_individually_context":"","bundle_item_grouping":"","bundle_min_size":"","bundle_max_size":"","bundled_by":["15656","15776"],"bundled_items":[],"_links":{"self":[{"href":"https:\/\/totito-toto.store\/en\/wp-json\/wp\/v2\/product\/14929","targetHints":{"allow":["GET"]}}],"collection":[{"href":"https:\/\/totito-toto.store\/en\/wp-json\/wp\/v2\/product"}],"about":[{"href":"https:\/\/totito-toto.store\/en\/wp-json\/wp\/v2\/types\/product"}],"wp:featuredmedia":[{"embeddable":true,"href":"https:\/\/totito-toto.store\/en\/wp-json\/wp\/v2\/media\/18905"}],"wp:attachment":[{"href":"https:\/\/totito-toto.store\/en\/wp-json\/wp\/v2\/media?parent=14929"}],"wp:term":[{"taxonomy":"product_brand","embeddable":true,"href":"https:\/\/totito-toto.store\/en\/wp-json\/wp\/v2\/product_brand?post=14929"},{"taxonomy":"product_cat","embeddable":true,"href":"https:\/\/totito-toto.store\/en\/wp-json\/wp\/v2\/product_cat?post=14929"},{"taxonomy":"product_tag","embeddable":true,"href":"https:\/\/totito-toto.store\/en\/wp-json\/wp\/v2\/product_tag?post=14929"}],"curies":[{"name":"wp","href":"https:\/\/api.w.org\/{rel}","templated":true}]}}