{"id":14933,"date":"2022-01-19T03:26:13","date_gmt":"2022-01-19T03:26:13","guid":{"rendered":"https:\/\/totito-toto.store\/?post_type=product&#038;p=14933"},"modified":"2025-11-24T20:02:12","modified_gmt":"2025-11-24T20:02:12","slug":"pin-totito","status":"publish","type":"product","link":"https:\/\/totito-toto.store\/en\/product\/accesorios\/pin\/pin-totito\/","title":{"rendered":"Pin Totito"},"content":{"rendered":"<h4>ESPECIFICACIONES<\/h4>\n<ol>\n<li data-start=\"564\" data-end=\"606\">Dimensiones: 2.6 cm ancho x 1.9 cm largo<\/li>\n<li data-start=\"609\" data-end=\"646\">Material: Metal con esmaltado en dorado<\/li>\n<li data-start=\"649\" data-end=\"693\">Broche tipo mariposa para un ajuste seguro<\/li>\n<\/ol>\n<p><strong>Nota:<\/strong>\u00a0Contiene piezas peque\u00f1as y punta afilada. Si eres un ni\u00f1o, p\u00eddele ayuda a un adulto para colocarlo de forma segura.<\/p>\n<p data-start=\"817\" data-end=\"888\"><strong>\u00a1Agrega un detalle m\u00e1gico a tu colecci\u00f3n o reg\u00e1lalo a alguien especial!<\/strong><\/p>\n<p><strong>KIDS STORE \u00b7 KIDS STORE \u00b7 KIDS STORE<\/strong><\/p>","protected":false},"excerpt":{"rendered":"<p><strong>\u00a1Totito Tot\u00f3 te acompa\u00f1a a donde sea que vayas!<\/strong><\/p>\n<p>Este pin de metal con esmaltado dorado captura toda la ternura y la magia de nuestro <del>donkey<\/del> unicornio favorito. Perfecto para decorar mochilas, chaquetas, bolsos o estuches, y recordarte siempre que la amistad y la alegr\u00eda est\u00e1n en los peque\u00f1os detalles.<\/p>","protected":false},"featured_media":16761,"template":"","meta":[],"product_brand":[],"product_cat":[268,77],"product_tag":[221,226,216,232,325,220,247],"class_list":{"0":"post-14933","1":"product","2":"type-product","3":"status-publish","4":"has-post-thumbnail","6":"product_cat-accesorios","7":"product_cat-pin","8":"product_tag-donkey","9":"product_tag-gift","10":"product_tag-madeofmagic","11":"product_tag-pin","12":"product_tag-totito_toto","13":"product_tag-totitototo","14":"product_tag-unicorn","16":"first","17":"instock","18":"featured","19":"taxable","20":"shipping-taxable","21":"purchasable","22":"product-type-simple"},"bundle_layout":"","bundle_add_to_cart_form_location":"","bundle_editable_in_cart":false,"bundle_sold_individually_context":"","bundle_item_grouping":"","bundle_min_size":"","bundle_max_size":"","bundled_by":["15550","16437","14938"],"bundled_items":[],"_links":{"self":[{"href":"https:\/\/totito-toto.store\/en\/wp-json\/wp\/v2\/product\/14933","targetHints":{"allow":["GET"]}}],"collection":[{"href":"https:\/\/totito-toto.store\/en\/wp-json\/wp\/v2\/product"}],"about":[{"href":"https:\/\/totito-toto.store\/en\/wp-json\/wp\/v2\/types\/product"}],"wp:featuredmedia":[{"embeddable":true,"href":"https:\/\/totito-toto.store\/en\/wp-json\/wp\/v2\/media\/16761"}],"wp:attachment":[{"href":"https:\/\/totito-toto.store\/en\/wp-json\/wp\/v2\/media?parent=14933"}],"wp:term":[{"taxonomy":"product_brand","embeddable":true,"href":"https:\/\/totito-toto.store\/en\/wp-json\/wp\/v2\/product_brand?post=14933"},{"taxonomy":"product_cat","embeddable":true,"href":"https:\/\/totito-toto.store\/en\/wp-json\/wp\/v2\/product_cat?post=14933"},{"taxonomy":"product_tag","embeddable":true,"href":"https:\/\/totito-toto.store\/en\/wp-json\/wp\/v2\/product_tag?post=14933"}],"curies":[{"name":"wp","href":"https:\/\/api.w.org\/{rel}","templated":true}]}}