{"id":14937,"date":"2022-01-19T03:26:14","date_gmt":"2022-01-19T03:26:14","guid":{"rendered":"https:\/\/totito-toto.store\/?post_type=product&#038;p=14937"},"modified":"2025-11-24T19:44:50","modified_gmt":"2025-11-24T19:44:50","slug":"pin-made-of-magic","status":"publish","type":"product","link":"https:\/\/totito-toto.store\/en\/product\/accesorios\/pin\/pin-made-of-magic\/","title":{"rendered":"Pin &#8220;Made of Magic&#8221;"},"content":{"rendered":"<h4>ESPECIFICACIONES<\/h4>\n<ol>\n<li data-start=\"564\" data-end=\"606\">Dimensiones: 2.5 cm ancho x 1.5 cm largo<\/li>\n<li data-start=\"609\" data-end=\"646\">Material: Metal esmaltado en dorado<\/li>\n<li data-start=\"649\" data-end=\"693\">Broche tipo mariposa para un ajuste seguro<\/li>\n<\/ol>\n<p><strong>Nota:<\/strong> Contiene piezas peque\u00f1as y punta afilada. Si eres un ni\u00f1o, p\u00eddele ayuda a un adulto para colocarlo de forma segura.<\/p>\n<p data-start=\"817\" data-end=\"888\"><strong>\u00a1Agrega un detalle m\u00e1gico a tu colecci\u00f3n o reg\u00e1lalo a alguien especial!<\/strong><\/p>\n<p><strong>KIDS STORE \u00b7 KIDS STORE \u00b7 KIDS STORE<\/strong><\/p>","protected":false},"excerpt":{"rendered":"<p data-start=\"281\" data-end=\"323\"><strong>\u00a1Porque todos estamos hechos de magia!<\/strong><\/p>\n<p data-start=\"325\" data-end=\"537\">Lleva contigo un toque especial con este pin de metal con esmalte dorado, grabado con nuestro emblema \u201cHechos de Magia\u201d. Es perfecto para darle un brillo \u00fanico a mochilas, chaquetas, bolsos o incluso a tu estuche favorito.<\/p>","protected":false},"featured_media":16758,"template":"","meta":[],"product_brand":[],"product_cat":[268,77],"product_tag":[226,216,233,232,325],"class_list":{"0":"post-14937","1":"product","2":"type-product","3":"status-publish","4":"has-post-thumbnail","6":"product_cat-accesorios","7":"product_cat-pin","8":"product_tag-gift","9":"product_tag-madeofmagic","10":"product_tag-manifesto","11":"product_tag-pin","12":"product_tag-totito_toto","14":"first","15":"instock","16":"featured","17":"taxable","18":"shipping-taxable","19":"purchasable","20":"product-type-simple"},"bundle_layout":"","bundle_add_to_cart_form_location":"","bundle_editable_in_cart":false,"bundle_sold_individually_context":"","bundle_item_grouping":"","bundle_min_size":"","bundle_max_size":"","bundled_by":["15550","14938"],"bundled_items":[],"_links":{"self":[{"href":"https:\/\/totito-toto.store\/en\/wp-json\/wp\/v2\/product\/14937","targetHints":{"allow":["GET"]}}],"collection":[{"href":"https:\/\/totito-toto.store\/en\/wp-json\/wp\/v2\/product"}],"about":[{"href":"https:\/\/totito-toto.store\/en\/wp-json\/wp\/v2\/types\/product"}],"wp:featuredmedia":[{"embeddable":true,"href":"https:\/\/totito-toto.store\/en\/wp-json\/wp\/v2\/media\/16758"}],"wp:attachment":[{"href":"https:\/\/totito-toto.store\/en\/wp-json\/wp\/v2\/media?parent=14937"}],"wp:term":[{"taxonomy":"product_brand","embeddable":true,"href":"https:\/\/totito-toto.store\/en\/wp-json\/wp\/v2\/product_brand?post=14937"},{"taxonomy":"product_cat","embeddable":true,"href":"https:\/\/totito-toto.store\/en\/wp-json\/wp\/v2\/product_cat?post=14937"},{"taxonomy":"product_tag","embeddable":true,"href":"https:\/\/totito-toto.store\/en\/wp-json\/wp\/v2\/product_tag?post=14937"}],"curies":[{"name":"wp","href":"https:\/\/api.w.org\/{rel}","templated":true}]}}