{"id":15550,"date":"2022-02-09T17:06:12","date_gmt":"2022-02-09T17:06:12","guid":{"rendered":"https:\/\/totito-toto.store\/?post_type=product&#038;p=15550"},"modified":"2025-11-12T17:29:50","modified_gmt":"2025-11-12T17:29:50","slug":"promocion-5-2","status":"publish","type":"product","link":"https:\/\/totito-toto.store\/en\/product\/peluche\/colaboracion\/promocion-5-2\/","title":{"rendered":"Kit &#8220;Pinky Promise&#8221; Los Mejores amigos"},"content":{"rendered":"<h3><strong>1 COMPRA = 1 DONATIVO<\/strong><\/h3>\n<p>\n  Totito Tot\u00f3, el burrito unicornio color beige, es una edici\u00f3n especial hecha con mucho cari\u00f1o en colaboraci\u00f3n con <strong>Wit Festival de Arte<\/strong> y <strong>Proyecto Burro<\/strong>.<br \/>\n  Con cada compra, est\u00e1s ayudando a refugios que cuidan y protegen a burros rescatados en M\u00e9xico.\n<\/p>\n<p>\n  \u00bfTienes dudas o quieres saber m\u00e1s? Escr\u00edbenos a<br \/>\n  <a href=\"mailto:hola@totito-toto.store\" rel=\"noopener\" class=\"cursor-pointer\"><strong>hola@totito-toto.store<\/strong><\/a>\n<\/p>\n<h3><strong>ESPECIFICACIONES<\/strong><\/h3>\n<h4><strong>Peluche de Burrito Totito Tot\u00f3 &#038; Burrito Totito Tot\u00f3 de Colecci\u00f3n<\/strong><\/h4>\n<ul>\n<li><strong>Dimensiones:<\/strong> 21 cm de ancho x 27 cm de longitud (con orejas ca\u00eddas)<\/li>\n<li><strong>N\u00famero de piezas:<\/strong> 2<\/li>\n<li><strong>Necesita bater\u00eda:<\/strong> No<\/li>\n<li><strong>Tipo de material:<\/strong>\n<ul>\n<li><strong>+ Exterior:<\/strong> Tela de algod\u00f3n<\/li>\n<li><strong>+ Interior:<\/strong> Relleno microgel, hipoalerg\u00e9nico y de alta suavidad<\/li>\n<\/ul>\n<\/li>\n<li><strong>Colores:<\/strong>\n<ul>\n<li><strong>+ Totito Tot\u00f3:<\/strong> Gris con beige<\/li>\n<li><strong>+ Totito Tot\u00f3 Colecci\u00f3n:<\/strong> Beige con blanco<\/li>\n<\/ul>\n<\/li>\n<li><strong>Peso aproximado:<\/strong> 160 g cada uno<\/li>\n<li><strong>Recomendado para:<\/strong> Mayores de 1 a\u00f1o (el accesorio se recomienda para mayores de 3 a\u00f1os)<\/li>\n<\/ul>\n<h4><strong>Pines<\/strong><\/h4>\n<ul>\n<li>Pin de esmalte de alta calidad con metal dorado y broche de mariposa<\/li>\n<li><strong>Tama\u00f1os:<\/strong>\n<ul>\n<li><strong>+ Burrito Totito:<\/strong> 2.6 cm de ancho x 1.9 cm de longitud<\/li>\n<li><strong>+ \u201cMade of Magic\u201d:<\/strong> 2.5 cm de ancho x 1.5 cm de longitud<\/li>\n<\/ul>\n<\/li>\n<li>El broche es f\u00e1cil de poner y quitar, incluso para ni\u00f1os<\/li>\n<\/ul>\n<h4><strong>Stickers<\/strong><\/h4>\n<ul>\n<li>3 planillas de stickers de 12.5 x 17 cm cada una<\/li>\n<li>Impresi\u00f3n profesional en alta calidad<\/li>\n<li>Papel de celulosa y fibras vegetales<\/li>\n<\/ul>\n<p><strong>KIDS STORE \u00b7 KIDS STORE \u00b7 KIDS STORE<\/strong><\/p>","protected":false},"excerpt":{"rendered":"<p><strong>Pinky Promise, amigos por siempre.\u00a0<\/strong><\/p>\n<p data-start=\"336\" data-end=\"804\">La amistad es uno de los regalos m\u00e1s lindos de la vida, igual que aprender a querernos a nosotros mismos.<br data-start=\"441\" data-end=\"444\" \/>Este paquete fue creado para <strong data-start=\"473\" data-end=\"506\">dar y recibir al mismo tiempo<\/strong>: puedes regalar un Totito y quedarte con otro, disfrutando el doble\u2026 porque encontrar belleza en dar tambi\u00e9n es una forma de abrazarte.<br data-start=\"642\" data-end=\"645\" \/>Con burritos tan tiernos que te derriten y una envoltura pensada para sorprender, este kit est\u00e1 lleno de magia y amor.<\/p>\n<p><strong>Kit que incluye<\/strong>:<\/p>\n<ol>\n<li><strong>Peluche del burrito totito tot\u00f3<\/strong><\/li>\n<li data-start=\"1902\" data-end=\"1953\"><strong>Peluche de Totito Tot\u00f3 de colaboraci\u00f3n especial<\/strong>\u00a0\u2013 pieza de colecci\u00f3n, cada compra es un donativo para el rescate de burritos en M\u00e9xico.<\/li>\n<li data-start=\"2104\" data-end=\"2153\"><strong>Pin de Totito<\/strong><\/li>\n<li><strong>Pin <em>&#8220;Made of Magic&#8221;<\/em><\/strong><\/li>\n<li data-start=\"2255\" data-end=\"2299\"><strong>Stickers \u201cMade of Magic\u201d<\/strong>\u00a0(3 planillas)<\/li>\n<\/ol>","protected":false},"featured_media":20602,"template":"","meta":[],"product_brand":[],"product_cat":[268,267,309,279,277,77,280,322],"product_tag":[226,216,232,223,236,328,325],"class_list":{"0":"post-15550","1":"product","2":"type-product","3":"status-publish","4":"has-post-thumbnail","6":"product_cat-accesorios","7":"product_cat-colaboracion","8":"product_cat-kit-promocion-3","9":"product_cat-papeleria-2","10":"product_cat-peluche","11":"product_cat-pin","12":"product_cat-softoy-peluche","13":"product_cat-stickers","14":"product_tag-gift","15":"product_tag-madeofmagic","16":"product_tag-pin","17":"product_tag-softoy","18":"product_tag-stickers","19":"product_tag-storytelling","20":"product_tag-totito_toto","22":"first","23":"instock","24":"featured","25":"taxable","26":"shipping-taxable","27":"purchasable","28":"product-type-bundle"},"bundle_layout":"default","bundle_add_to_cart_form_location":"after_summary","bundle_editable_in_cart":true,"bundle_sold_individually_context":"product","bundle_item_grouping":"parent","bundle_min_size":5,"bundle_max_size":5,"bundled_by":[],"bundled_items":[{"bundled_item_id":466,"product_id":14928,"menu_order":0,"quantity_min":0,"quantity_max":1,"quantity_default":1,"priced_individually":false,"shipped_individually":false,"override_title":false,"title":"","override_description":false,"description":"","optional":false,"hide_thumbnail":false,"discount":"","override_variations":false,"allowed_variations":[],"override_default_variation_attributes":false,"default_variation_attributes":[],"single_product_visibility":"visible","cart_visibility":"visible","order_visibility":"visible","single_product_price_visibility":"visible","cart_price_visibility":"visible","order_price_visibility":"visible","stock_status":"in_stock"},{"bundled_item_id":467,"product_id":14932,"menu_order":1,"quantity_min":0,"quantity_max":1,"quantity_default":1,"priced_individually":false,"shipped_individually":false,"override_title":false,"title":"","override_description":false,"description":"","optional":false,"hide_thumbnail":false,"discount":"","override_variations":false,"allowed_variations":[],"override_default_variation_attributes":false,"default_variation_attributes":[],"single_product_visibility":"visible","cart_visibility":"visible","order_visibility":"visible","single_product_price_visibility":"visible","cart_price_visibility":"visible","order_price_visibility":"visible","stock_status":"in_stock"},{"bundled_item_id":468,"product_id":14933,"menu_order":2,"quantity_min":1,"quantity_max":1,"quantity_default":1,"priced_individually":false,"shipped_individually":false,"override_title":false,"title":"","override_description":false,"description":"","optional":false,"hide_thumbnail":false,"discount":"","override_variations":false,"allowed_variations":[],"override_default_variation_attributes":false,"default_variation_attributes":[],"single_product_visibility":"visible","cart_visibility":"visible","order_visibility":"visible","single_product_price_visibility":"visible","cart_price_visibility":"visible","order_price_visibility":"visible","stock_status":"in_stock"},{"bundled_item_id":469,"product_id":14937,"menu_order":3,"quantity_min":1,"quantity_max":1,"quantity_default":1,"priced_individually":false,"shipped_individually":false,"override_title":false,"title":"","override_description":false,"description":"","optional":false,"hide_thumbnail":false,"discount":"","override_variations":false,"allowed_variations":[],"override_default_variation_attributes":false,"default_variation_attributes":[],"single_product_visibility":"visible","cart_visibility":"visible","order_visibility":"visible","single_product_price_visibility":"visible","cart_price_visibility":"visible","order_price_visibility":"visible","stock_status":"in_stock"},{"bundled_item_id":470,"product_id":14946,"menu_order":4,"quantity_min":1,"quantity_max":1,"quantity_default":1,"priced_individually":false,"shipped_individually":false,"override_title":false,"title":"","override_description":false,"description":"","optional":false,"hide_thumbnail":false,"discount":"","override_variations":false,"allowed_variations":[],"override_default_variation_attributes":false,"default_variation_attributes":[],"single_product_visibility":"visible","cart_visibility":"visible","order_visibility":"visible","single_product_price_visibility":"visible","cart_price_visibility":"visible","order_price_visibility":"visible","stock_status":"in_stock"}],"_links":{"self":[{"href":"https:\/\/totito-toto.store\/en\/wp-json\/wp\/v2\/product\/15550","targetHints":{"allow":["GET"]}}],"collection":[{"href":"https:\/\/totito-toto.store\/en\/wp-json\/wp\/v2\/product"}],"about":[{"href":"https:\/\/totito-toto.store\/en\/wp-json\/wp\/v2\/types\/product"}],"wp:featuredmedia":[{"embeddable":true,"href":"https:\/\/totito-toto.store\/en\/wp-json\/wp\/v2\/media\/20602"}],"wp:attachment":[{"href":"https:\/\/totito-toto.store\/en\/wp-json\/wp\/v2\/media?parent=15550"}],"wp:term":[{"taxonomy":"product_brand","embeddable":true,"href":"https:\/\/totito-toto.store\/en\/wp-json\/wp\/v2\/product_brand?post=15550"},{"taxonomy":"product_cat","embeddable":true,"href":"https:\/\/totito-toto.store\/en\/wp-json\/wp\/v2\/product_cat?post=15550"},{"taxonomy":"product_tag","embeddable":true,"href":"https:\/\/totito-toto.store\/en\/wp-json\/wp\/v2\/product_tag?post=15550"}],"curies":[{"name":"wp","href":"https:\/\/api.w.org\/{rel}","templated":true}]}}