{"id":15551,"date":"2022-02-09T17:06:21","date_gmt":"2022-02-09T17:06:21","guid":{"rendered":"https:\/\/totito-toto.store\/?post_type=product&#038;p=15551"},"modified":"2025-11-12T17:14:22","modified_gmt":"2025-11-12T17:14:22","slug":"promocion-2-copia","status":"publish","type":"product","link":"https:\/\/totito-toto.store\/en\/product\/arte\/cartel\/promocion-2-copia\/","title":{"rendered":"Kit &#8220;El Cuarto de Cometa&#8221;"},"content":{"rendered":"<h3><strong>ESPECIFICACIONES<\/strong><\/h3>\n<h4><strong>Cometa teddy bear<\/strong><\/h4>\n<ul>\n<li>Dimensiones con orejas ca\u00eddas: 18 cm de ancho x 25 cm de longitud<\/li>\n<li>N\u00famero de piezas: 2<\/li>\n<li>Necesita bater\u00eda: no<\/li>\n<li>Tipo de material:\n<ul>\n<li><strong>+ Exterior:<\/strong> Tela de algod\u00f3n<\/li>\n<li><strong>+ Interior:<\/strong> Relleno microgel, hipoalerg\u00e9nico de alta suavidad<\/li>\n<\/ul>\n<\/li>\n<li>Color: azul tipo denim<\/li>\n<li>Accesorios: el color de los gorritos y el dise\u00f1o del pomp\u00f3n pueden variar sin previo aviso<\/li>\n<li>Peso aproximado: 163 gr<\/li>\n<li>Recomendable para mayores de 1 a\u00f1o (el accesorio se recomienda para mayores de 3 a\u00f1os)<\/li>\n<\/ul>\n<h4><strong>Cartel Colecci\u00f3n \u201cTotito y sus amigos\u201d<\/strong><\/h4>\n<p><strong>TOTITO | MIAU | COMETA | BLA BLAA<\/strong><\/p>\n<p>Colecci\u00f3n completa de 4 carteles con ilustraci\u00f3n de cada uno de sus amigos.<\/p>\n<ul>\n<li>Dimensiones: 33 x 44 cm<\/li>\n<li>Material: papel de pulpa de madera, superficie fina<\/li>\n<li>Color: ivory<\/li>\n<\/ul>\n<h4><strong>Stickers<\/strong><\/h4>\n<ul>\n<li>3 planillas de stickers de 12.5 x 17 cm cada una<\/li>\n<li>Impresi\u00f3n profesional en alta calidad<\/li>\n<li>Papel de celulosa y fibras vegetales<\/li>\n<\/ul>\n<p><strong>KIDS STORE \u00b7 KIDS STORE \u00b7 KIDS STORE<\/strong><\/p>","protected":false},"excerpt":{"rendered":"<p><strong>\u00a1 Feliz, feliz no cumplea\u00f1os!<\/strong><\/p>\n<p>\u201c\u00a1Todos los d\u00edas es mi cumplea\u00f1os!!!!!!! Quiero soplar la vela, ver a mi familia y amigos, y claro comer mucho pastel.\u201d &#8211; Cometa<\/p>\n<p>Abrazar a tu peluche favorito, contarle tus secretos y hacerlo parte de tu d\u00eda&#8230; eso lo convierte en un verdadero amigo.<br data-start=\"279\" data-end=\"282\" \/>Los carteles ilustrados, stickers de Cometa y sus amigos te acompa\u00f1ar\u00e1n en cada espacio, para que esa amistad m\u00e1gica siempre est\u00e9 cerca.<\/p>\n<p><strong>Contenido del Kit<\/strong>:<\/p>\n<ol>\n<li><strong>Peluche de Cometa el osito<\/strong><\/li>\n<li data-start=\"2303\" data-end=\"2341\"><strong>4 carteles ilustrados de \u201cTotito y sus amigos\u201d<\/strong><\/li>\n<li data-start=\"2255\" data-end=\"2299\"><strong>Stickers \u201cMade of Magic\u201d<\/strong>\u00a0(3 planillas)<\/li>\n<\/ol>","protected":false},"featured_media":16955,"template":"","meta":[],"product_brand":[],"product_cat":[242,269,309,279,277,280,322],"product_tag":[330,246,226,329,216,336,223,236,328,325],"class_list":{"0":"post-15551","1":"product","2":"type-product","3":"status-publish","4":"has-post-thumbnail","6":"product_cat-arte","7":"product_cat-cartel","8":"product_cat-kit-promocion-3","9":"product_cat-papeleria-2","10":"product_cat-peluche","11":"product_cat-softoy-peluche","12":"product_cat-stickers","13":"product_tag-art-print","14":"product_tag-cartel","15":"product_tag-gift","16":"product_tag-illustration","17":"product_tag-madeofmagic","18":"product_tag-regalo","19":"product_tag-softoy","20":"product_tag-stickers","21":"product_tag-storytelling","22":"product_tag-totito_toto","24":"first","25":"instock","26":"featured","27":"taxable","28":"shipping-taxable","29":"purchasable","30":"product-type-bundle"},"bundle_layout":"default","bundle_add_to_cart_form_location":"after_summary","bundle_editable_in_cart":false,"bundle_sold_individually_context":"product","bundle_item_grouping":"parent","bundle_min_size":"","bundle_max_size":"","bundled_by":[],"bundled_items":[{"bundled_item_id":471,"product_id":14930,"menu_order":0,"quantity_min":1,"quantity_max":1,"quantity_default":1,"priced_individually":false,"shipped_individually":false,"override_title":false,"title":"","override_description":false,"description":"","optional":false,"hide_thumbnail":false,"discount":"","override_variations":false,"allowed_variations":[],"override_default_variation_attributes":false,"default_variation_attributes":[],"single_product_visibility":"visible","cart_visibility":"visible","order_visibility":"visible","single_product_price_visibility":"visible","cart_price_visibility":"visible","order_price_visibility":"visible","stock_status":"in_stock"},{"bundled_item_id":531,"product_id":16630,"menu_order":1,"quantity_min":1,"quantity_max":1,"quantity_default":1,"priced_individually":false,"shipped_individually":false,"override_title":false,"title":"","override_description":false,"description":"","optional":false,"hide_thumbnail":false,"discount":"","override_variations":false,"allowed_variations":[],"override_default_variation_attributes":false,"default_variation_attributes":[],"single_product_visibility":"visible","cart_visibility":"visible","order_visibility":"visible","single_product_price_visibility":"visible","cart_price_visibility":"visible","order_price_visibility":"visible","stock_status":"in_stock"},{"bundled_item_id":476,"product_id":14946,"menu_order":2,"quantity_min":1,"quantity_max":1,"quantity_default":1,"priced_individually":false,"shipped_individually":false,"override_title":false,"title":"","override_description":false,"description":"","optional":false,"hide_thumbnail":false,"discount":"","override_variations":false,"allowed_variations":[],"override_default_variation_attributes":false,"default_variation_attributes":[],"single_product_visibility":"visible","cart_visibility":"visible","order_visibility":"visible","single_product_price_visibility":"visible","cart_price_visibility":"visible","order_price_visibility":"visible","stock_status":"in_stock"}],"_links":{"self":[{"href":"https:\/\/totito-toto.store\/en\/wp-json\/wp\/v2\/product\/15551","targetHints":{"allow":["GET"]}}],"collection":[{"href":"https:\/\/totito-toto.store\/en\/wp-json\/wp\/v2\/product"}],"about":[{"href":"https:\/\/totito-toto.store\/en\/wp-json\/wp\/v2\/types\/product"}],"wp:featuredmedia":[{"embeddable":true,"href":"https:\/\/totito-toto.store\/en\/wp-json\/wp\/v2\/media\/16955"}],"wp:attachment":[{"href":"https:\/\/totito-toto.store\/en\/wp-json\/wp\/v2\/media?parent=15551"}],"wp:term":[{"taxonomy":"product_brand","embeddable":true,"href":"https:\/\/totito-toto.store\/en\/wp-json\/wp\/v2\/product_brand?post=15551"},{"taxonomy":"product_cat","embeddable":true,"href":"https:\/\/totito-toto.store\/en\/wp-json\/wp\/v2\/product_cat?post=15551"},{"taxonomy":"product_tag","embeddable":true,"href":"https:\/\/totito-toto.store\/en\/wp-json\/wp\/v2\/product_tag?post=15551"}],"curies":[{"name":"wp","href":"https:\/\/api.w.org\/{rel}","templated":true}]}}