{"id":15656,"date":"2022-02-10T21:07:48","date_gmt":"2022-02-10T21:07:48","guid":{"rendered":"https:\/\/totito-toto.store\/?post_type=product&#038;p=15656"},"modified":"2025-11-12T16:56:59","modified_gmt":"2025-11-12T16:56:59","slug":"promocion-2-2","status":"publish","type":"product","link":"https:\/\/totito-toto.store\/en\/product\/arte\/cartel\/promocion-2-2\/","title":{"rendered":"Kit &#8220;Gran Vuelo&#8221;"},"content":{"rendered":"<h3>ESPECIFICACIONES<\/h3>\n<h3>Vestido Luci\u00e9rnaga<\/h3>\n<ul>\n<li>Color: Rosita Peonia<\/li>\n<li>Detalle:\n<ul>\n<li>Mangas de olanes<\/li>\n<li>Bolsas laterales amplias de tela a rayas<\/li>\n<li>Cierre con botones de colores en la espalda<\/li>\n<\/ul>\n<\/li>\n<\/ul>\n<h3>Paquete Colecci\u00f3n de Parches \u201cThe Funny Patch Club\u201d<\/h3>\n<p>Incluye la colecci\u00f3n completa de 5 parches:<\/p>\n<ul>\n<li>Totito el burrito<\/li>\n<li>Miau the kitty<\/li>\n<li>El osito Cometa<\/li>\n<li>Los hermanitos Bla Blaa<\/li>\n<li>Emblema \u201cHecho de Magia\u201d<\/li>\n<\/ul>\n<p>Parches flexibles y termoadheribles, f\u00e1ciles de aplicar con plancha (por un adulto).<\/p>\n<p>Instrucciones para aplicar:<\/p>\n<ol>\n<li>Calienta tu plancha al m\u00e1ximo (sin vapor).<\/li>\n<li>Coloca el parche sobre la prenda, con el pegamento hacia abajo.<\/li>\n<li>Pon un trapo entre la plancha y el parche.<\/li>\n<li>Presiona firmemente durante 45 segundos.<\/li>\n<li>Revisa si qued\u00f3 bien adherido. Si no, repite.<\/li>\n<li>Espera a que enfr\u00ede\u2026 \u00a1y listo para usar!<\/li>\n<\/ol>\n<h3>Peluche de Miau la Gatita<\/h3>\n<ol>\n<li>Dimensiones con orejas ca\u00eddas: 17 cm ancho x 36 cm longitud<\/li>\n<li>N\u00famero de piezas: 1<\/li>\n<li>Necesita bater\u00eda: no<\/li>\n<li>Tipo de material:\n<ul>\n<li>Exterior: tela de algod\u00f3n<\/li>\n<li>Interior: relleno microgel, hipoalerg\u00e9nico de alta suavidad<\/li>\n<\/ul>\n<\/li>\n<li>Color: coral con cola multicolor<\/li>\n<li>Peso del producto: 172 gr<\/li>\n<li>Recomendable para mayores de 1 a\u00f1o<\/li>\n<\/ol>\n<h3>Set de 4 Libretas Chicas<\/h3>\n<p>TOTITO | MIAU | COMETA | BLA BLAA<\/p>\n<p>Libretas en colaboraci\u00f3n con Cantaloup, marca mexicana de libretas y accesorios de papel.<\/p>\n<ol>\n<li>Dimensiones: 13.5 cm x 21 cm (tama\u00f1o media carta)<\/li>\n<li>Interior: papel color marfil, liso (sin l\u00edneas)<\/li>\n<li>Encuadernaci\u00f3n: costura con hilo rojo, resistente y pr\u00e1ctica<\/li>\n<li>Portada: ilustraci\u00f3n de cada uno de los personajes de Totito Tot\u00f3<\/li>\n<\/ol>\n<h3>Cartel Colecci\u00f3n \u201cTotito y sus amigos\u201d<\/h3>\n<p>TOTITO | MIAU | COMETA | BLA BLAA<\/p>\n<p>Colecci\u00f3n completa de 4 carteles con ilustraci\u00f3n de cada uno de sus amigos.<\/p>\n<ol>\n<li>Dimensiones: 33 x 44 cm<\/li>\n<li>Material: papel de pulpa de madera, superficie fina<\/li>\n<li>Color: ivory<\/li>\n<\/ol>\n<h3>Stickers<\/h3>\n<ol>\n<li>3 planillas de stickers de 12.5 x 17 cm cada una<\/li>\n<li>Impresi\u00f3n profesional en alta calidad<\/li>\n<li>Medida: 12.5 x 17 cm<\/li>\n<li>Papel de celulosa y fibras vegetales<\/li>\n<\/ol>\n<p>KIDS STORE \u00b7 KIDS STORE \u00b7 KIDS STORE<\/p>","protected":false},"excerpt":{"rendered":"<p data-start=\"131\" data-end=\"390\"><strong><em>\u00bfY si volamos al universo Totito y nos dejamos llevar?<\/em><\/strong><\/p>\n<p data-start=\"131\" data-end=\"390\">Una aventura de texturas, colores y personajes entra\u00f1ables que nos recuerdan lo bonito de ser uno mismo.<br data-start=\"292\" data-end=\"295\" \/>Cada pieza est\u00e1 dise\u00f1ada para acompa\u00f1arte: en lo que usas, en lo que regalas, en lo que sue\u00f1as.<\/p>\n<p><strong>Contenido del Kit<\/strong>:<\/p>\n<ol>\n<li><strong data-start=\"155\" data-end=\"177\">Vestido Luci\u00e9rnaga<\/strong> \u2013 ligero, colorido y lleno de magia<\/li>\n<li><strong>Paquete Colecci\u00f3n de 5 Parches \u201cThe Funny Patch Club\u201d<\/strong><\/li>\n<li><strong data-start=\"334\" data-end=\"377\">Set de pines \u201cMade of Magic\u201d <\/strong>(5 piezas)<\/li>\n<li><strong data-start=\"428\" data-end=\"447\">Peluche de Miau la gatita<\/strong><\/li>\n<li><strong data-start=\"501\" data-end=\"522\">4 libretas chicas<\/strong> \u2013 cada p\u00e1gina es una invitaci\u00f3n para crear, so\u00f1ar y compartir.<\/li>\n<li><strong>4 carteles ilustrados de \u201cTotito y sus amigos\u201d<\/strong><\/li>\n<li data-start=\"2255\" data-end=\"2299\"><strong>Stickers \u201cMade of Magic\u201d<\/strong> (3 planillas)<\/li>\n<\/ol>\n<p><strong data-start=\"392\" data-end=\"442\">Ll\u00e9valo contigo y hazlo parte de tu d\u00eda a d\u00eda.<\/strong><\/p>","protected":false},"featured_media":16956,"template":"","meta":[],"product_brand":[],"product_cat":[268,242,269,309,323,279,78,277,77,278,280,322,314],"product_tag":[331,86,226,329,333,216,223,325],"class_list":{"0":"post-15656","1":"product","2":"type-product","3":"status-publish","4":"has-post-thumbnail","6":"product_cat-accesorios","7":"product_cat-arte","8":"product_cat-cartel","9":"product_cat-kit-promocion-3","10":"product_cat-libreta","11":"product_cat-papeleria-2","12":"product_cat-parche","13":"product_cat-peluche","14":"product_cat-pin","15":"product_cat-prenda-promocion-2","16":"product_cat-softoy-peluche","17":"product_cat-stickers","18":"product_cat-vestido-prenda-promocion-2","19":"product_tag-art","20":"product_tag-childrenswear","21":"product_tag-gift","22":"product_tag-illustration","23":"product_tag-kidsroom-2","24":"product_tag-madeofmagic","25":"product_tag-softoy","26":"product_tag-totito_toto","28":"first","29":"instock","30":"featured","31":"taxable","32":"shipping-taxable","33":"purchasable","34":"product-type-bundle"},"bundle_layout":"default","bundle_add_to_cart_form_location":"default","bundle_editable_in_cart":false,"bundle_sold_individually_context":"product","bundle_item_grouping":"parent","bundle_min_size":"","bundle_max_size":"","bundled_by":[],"bundled_items":[{"bundled_item_id":507,"product_id":14920,"menu_order":0,"quantity_min":1,"quantity_max":1,"quantity_default":1,"priced_individually":false,"shipped_individually":false,"override_title":false,"title":"","override_description":false,"description":"","optional":false,"hide_thumbnail":false,"discount":"","override_variations":false,"allowed_variations":[],"override_default_variation_attributes":false,"default_variation_attributes":[],"single_product_visibility":"visible","cart_visibility":"visible","order_visibility":"visible","single_product_price_visibility":"visible","cart_price_visibility":"visible","order_price_visibility":"visible","stock_status":"in_stock"},{"bundled_item_id":509,"product_id":14938,"menu_order":1,"quantity_min":1,"quantity_max":1,"quantity_default":1,"priced_individually":false,"shipped_individually":false,"override_title":false,"title":"","override_description":false,"description":"","optional":false,"hide_thumbnail":false,"discount":"","override_variations":false,"allowed_variations":[],"override_default_variation_attributes":false,"default_variation_attributes":[],"single_product_visibility":"visible","cart_visibility":"visible","order_visibility":"visible","single_product_price_visibility":"visible","cart_price_visibility":"visible","order_price_visibility":"visible","stock_status":"in_stock"},{"bundled_item_id":510,"product_id":14929,"menu_order":2,"quantity_min":1,"quantity_max":1,"quantity_default":1,"priced_individually":false,"shipped_individually":false,"override_title":false,"title":"","override_description":false,"description":"","optional":false,"hide_thumbnail":false,"discount":"","override_variations":false,"allowed_variations":[],"override_default_variation_attributes":false,"default_variation_attributes":[],"single_product_visibility":"visible","cart_visibility":"visible","order_visibility":"visible","single_product_price_visibility":"visible","cart_price_visibility":"visible","order_price_visibility":"visible","stock_status":"in_stock"},{"bundled_item_id":536,"product_id":16624,"menu_order":3,"quantity_min":1,"quantity_max":1,"quantity_default":1,"priced_individually":false,"shipped_individually":false,"override_title":false,"title":"","override_description":false,"description":"","optional":false,"hide_thumbnail":false,"discount":"","override_variations":false,"allowed_variations":[],"override_default_variation_attributes":false,"default_variation_attributes":[],"single_product_visibility":"visible","cart_visibility":"visible","order_visibility":"visible","single_product_price_visibility":"visible","cart_price_visibility":"visible","order_price_visibility":"visible","stock_status":"in_stock"},{"bundled_item_id":537,"product_id":16630,"menu_order":4,"quantity_min":1,"quantity_max":1,"quantity_default":1,"priced_individually":false,"shipped_individually":false,"override_title":false,"title":"","override_description":false,"description":"","optional":false,"hide_thumbnail":false,"discount":"","override_variations":false,"allowed_variations":[],"override_default_variation_attributes":false,"default_variation_attributes":[],"single_product_visibility":"visible","cart_visibility":"visible","order_visibility":"visible","single_product_price_visibility":"visible","cart_price_visibility":"visible","order_price_visibility":"visible","stock_status":"in_stock"},{"bundled_item_id":511,"product_id":14946,"menu_order":5,"quantity_min":1,"quantity_max":1,"quantity_default":1,"priced_individually":false,"shipped_individually":false,"override_title":false,"title":"","override_description":false,"description":"","optional":false,"hide_thumbnail":false,"discount":"","override_variations":false,"allowed_variations":[],"override_default_variation_attributes":false,"default_variation_attributes":[],"single_product_visibility":"visible","cart_visibility":"visible","order_visibility":"visible","single_product_price_visibility":"visible","cart_price_visibility":"visible","order_price_visibility":"visible","stock_status":"in_stock"},{"bundled_item_id":553,"product_id":19137,"menu_order":6,"quantity_min":1,"quantity_max":1,"quantity_default":1,"priced_individually":false,"shipped_individually":false,"override_title":false,"title":"","override_description":false,"description":"","optional":false,"hide_thumbnail":false,"discount":"","override_variations":false,"allowed_variations":[],"override_default_variation_attributes":false,"default_variation_attributes":[],"single_product_visibility":"visible","cart_visibility":"visible","order_visibility":"visible","single_product_price_visibility":"visible","cart_price_visibility":"visible","order_price_visibility":"visible","stock_status":"in_stock"}],"_links":{"self":[{"href":"https:\/\/totito-toto.store\/en\/wp-json\/wp\/v2\/product\/15656","targetHints":{"allow":["GET"]}}],"collection":[{"href":"https:\/\/totito-toto.store\/en\/wp-json\/wp\/v2\/product"}],"about":[{"href":"https:\/\/totito-toto.store\/en\/wp-json\/wp\/v2\/types\/product"}],"wp:featuredmedia":[{"embeddable":true,"href":"https:\/\/totito-toto.store\/en\/wp-json\/wp\/v2\/media\/16956"}],"wp:attachment":[{"href":"https:\/\/totito-toto.store\/en\/wp-json\/wp\/v2\/media?parent=15656"}],"wp:term":[{"taxonomy":"product_brand","embeddable":true,"href":"https:\/\/totito-toto.store\/en\/wp-json\/wp\/v2\/product_brand?post=15656"},{"taxonomy":"product_cat","embeddable":true,"href":"https:\/\/totito-toto.store\/en\/wp-json\/wp\/v2\/product_cat?post=15656"},{"taxonomy":"product_tag","embeddable":true,"href":"https:\/\/totito-toto.store\/en\/wp-json\/wp\/v2\/product_tag?post=15656"}],"curies":[{"name":"wp","href":"https:\/\/api.w.org\/{rel}","templated":true}]}}