{"id":16775,"date":"2022-03-28T15:55:43","date_gmt":"2022-03-28T15:55:43","guid":{"rendered":"https:\/\/totito-toto.store\/?post_type=product&#038;p=16775"},"modified":"2026-02-23T17:17:17","modified_gmt":"2026-02-23T17:17:17","slug":"romper-dulce-gallina","status":"publish","type":"product","link":"https:\/\/totito-toto.store\/en\/product\/prenda-promocion-2\/romper-prenda-promocion-2\/romper-dulce-gallina\/","title":{"rendered":"Romper Dulce Gallina"},"content":{"rendered":"<h3>Romper Dulce Gallina:<\/h3>\n<ul>\n<li>Confeccionada en 100% algod\u00f3n mexicano con dise\u00f1o tejido de los pajaritos Bla Blaa.<\/li>\n<li>Corte amp\u00f3n y c\u00f3modo, ideal para moverse y jugar.<\/li>\n<li>Cierre espalda en gota y bot\u00f3n de color<\/li>\n<li>Broches met\u00e1licos<\/li>\n<\/ul>\n<h3>Cuidados:<\/h3>\n<ul>\n<li>Lavar a mano con agua fr\u00eda o en ciclo delicado.<\/li>\n<li>No usar blanqueador.<\/li>\n<li>No secar en secadora para conservar la suavidad y color.<\/li>\n<\/ul>\n<p>&nbsp;<\/p>\n<p>KIDS STORE | KIDS STORE | KIDS STORE |<\/p>","protected":false},"excerpt":{"rendered":"<p>Romper super c\u00f3modo, con detalle de alforzas delanteras y el acabado de cierre es de gota, cuenta con un bot\u00f3n en la espalda. El corte es amp\u00f3n en la cadera que lo hace adem\u00e1s de tierno, muy c\u00f3modo para cuando los cambias, cuando est\u00e1n aprendiendo a caminar y cu\u00e1ndo \u00a1lo logran! Utilizamos broches pr\u00e1cticos y seguros, no te preocupes de alergias ni de falta de practicidad.<\/p>","protected":false},"featured_media":16706,"template":"","meta":[],"product_brand":[],"product_cat":[278,321],"product_tag":[186,86,47,226,90,216,185,325],"class_list":{"0":"post-16775","1":"product","2":"type-product","3":"status-publish","4":"has-post-thumbnail","6":"product_cat-prenda-promocion-2","7":"product_cat-romper-prenda-promocion-2","8":"product_tag-baby","9":"product_tag-childrenswear","10":"product_tag-cotton","11":"product_tag-gift","12":"product_tag-girl","13":"product_tag-madeofmagic","14":"product_tag-romper","15":"product_tag-totito_toto","16":"pa_color-rayas-prado","17":"pa_color-rosa-palo-tejido-pajaritos","19":"first","20":"instock","21":"sale","22":"featured","23":"taxable","24":"shipping-taxable","25":"purchasable","26":"product-type-variable"},"bundle_layout":"","bundle_add_to_cart_form_location":"","bundle_editable_in_cart":false,"bundle_sold_individually_context":"","bundle_item_grouping":"","bundle_min_size":"","bundle_max_size":"","bundled_by":[],"bundled_items":[],"_links":{"self":[{"href":"https:\/\/totito-toto.store\/en\/wp-json\/wp\/v2\/product\/16775","targetHints":{"allow":["GET"]}}],"collection":[{"href":"https:\/\/totito-toto.store\/en\/wp-json\/wp\/v2\/product"}],"about":[{"href":"https:\/\/totito-toto.store\/en\/wp-json\/wp\/v2\/types\/product"}],"wp:featuredmedia":[{"embeddable":true,"href":"https:\/\/totito-toto.store\/en\/wp-json\/wp\/v2\/media\/16706"}],"wp:attachment":[{"href":"https:\/\/totito-toto.store\/en\/wp-json\/wp\/v2\/media?parent=16775"}],"wp:term":[{"taxonomy":"product_brand","embeddable":true,"href":"https:\/\/totito-toto.store\/en\/wp-json\/wp\/v2\/product_brand?post=16775"},{"taxonomy":"product_cat","embeddable":true,"href":"https:\/\/totito-toto.store\/en\/wp-json\/wp\/v2\/product_cat?post=16775"},{"taxonomy":"product_tag","embeddable":true,"href":"https:\/\/totito-toto.store\/en\/wp-json\/wp\/v2\/product_tag?post=16775"}],"curies":[{"name":"wp","href":"https:\/\/api.w.org\/{rel}","templated":true}]}}