{"id":16986,"date":"2022-04-02T15:14:23","date_gmt":"2022-04-02T15:14:23","guid":{"rendered":"https:\/\/totito-toto.store\/?post_type=product&#038;p=16986"},"modified":"2026-02-23T17:13:10","modified_gmt":"2026-02-23T17:13:10","slug":"blusa-mosquito-rosa-palo","status":"publish","type":"product","link":"https:\/\/totito-toto.store\/en\/product\/prenda-promocion-2\/blusa-prenda-promocion-2\/blusa-mosquito-rosa-palo\/","title":{"rendered":"Blusa Mosquito Rosa Palo"},"content":{"rendered":"<h3>Blusa Mosquito Rosa Palo:<\/h3>\n<ul>\n<li>Confeccionada en 100% algod\u00f3n mexicano con dise\u00f1o tejido de los pajaritos Bla Blaa<\/li>\n<li>Cierre gota<\/li>\n<li>Bot\u00f3n contrastre<\/li>\n<li>Mangas \u201cjaponesas<\/li>\n<li>Fit Relax<\/li>\n<\/ul>\n<h3>Cuidados:<\/h3>\n<ul>\n<li>Lavar a mano con agua fr\u00eda o en ciclo delicado.<\/li>\n<li>No usar blanqueador.<\/li>\n<li>No secar en secadora para conservar la suavidad y color.<\/li>\n<\/ul>\n<p>&nbsp;<\/p>\n<p>KIDS STORE | KIDS STORE | KIDS STORE |<\/p>","protected":false},"excerpt":{"rendered":"<p>Blusa de manga japonesa con cuello redondo, c\u00f3moda y vers\u00e1til, de cierre en la espalda en forma de gota con bot\u00f3n de color. Cuenta con bastilla ancha y est\u00e1 disponible en distintos colores, elaborada en dos tipos de tela de algod\u00f3n: una con entramado cerrado y otra con tejido m\u00e1s abierto y ligero. Perfecta para usar en cualquier momento y darle un toque de magia a tu d\u00eda.<\/p>","protected":false},"featured_media":16717,"template":"","meta":[],"product_brand":[],"product_cat":[317,278],"product_tag":[103,180,86,47,226,90,216,178,600,325],"class_list":{"0":"post-16986","1":"product","2":"type-product","3":"status-publish","4":"has-post-thumbnail","6":"product_cat-blusa-prenda-promocion-2","7":"product_cat-prenda-promocion-2","8":"product_tag-blue","9":"product_tag-boys","10":"product_tag-childrenswear","11":"product_tag-cotton","12":"product_tag-gift","13":"product_tag-girl","14":"product_tag-madeofmagic","15":"product_tag-rainbow","16":"product_tag-shirt","17":"product_tag-totito_toto","18":"pa_color-azul-toto","19":"pa_color-rosa-palo-tejido-pajaritos","21":"first","22":"instock","23":"sale","24":"featured","25":"taxable","26":"shipping-taxable","27":"purchasable","28":"product-type-variable"},"bundle_layout":"","bundle_add_to_cart_form_location":"","bundle_editable_in_cart":false,"bundle_sold_individually_context":"","bundle_item_grouping":"","bundle_min_size":"","bundle_max_size":"","bundled_by":[],"bundled_items":[],"_links":{"self":[{"href":"https:\/\/totito-toto.store\/en\/wp-json\/wp\/v2\/product\/16986","targetHints":{"allow":["GET"]}}],"collection":[{"href":"https:\/\/totito-toto.store\/en\/wp-json\/wp\/v2\/product"}],"about":[{"href":"https:\/\/totito-toto.store\/en\/wp-json\/wp\/v2\/types\/product"}],"wp:featuredmedia":[{"embeddable":true,"href":"https:\/\/totito-toto.store\/en\/wp-json\/wp\/v2\/media\/16717"}],"wp:attachment":[{"href":"https:\/\/totito-toto.store\/en\/wp-json\/wp\/v2\/media?parent=16986"}],"wp:term":[{"taxonomy":"product_brand","embeddable":true,"href":"https:\/\/totito-toto.store\/en\/wp-json\/wp\/v2\/product_brand?post=16986"},{"taxonomy":"product_cat","embeddable":true,"href":"https:\/\/totito-toto.store\/en\/wp-json\/wp\/v2\/product_cat?post=16986"},{"taxonomy":"product_tag","embeddable":true,"href":"https:\/\/totito-toto.store\/en\/wp-json\/wp\/v2\/product_tag?post=16986"}],"curies":[{"name":"wp","href":"https:\/\/api.w.org\/{rel}","templated":true}]}}