{"id":19273,"date":"2025-07-18T20:28:12","date_gmt":"2025-07-18T20:28:12","guid":{"rendered":"https:\/\/totito-toto.store\/?post_type=product&#038;p=19273"},"modified":"2025-11-13T20:11:58","modified_gmt":"2025-11-13T20:11:58","slug":"parche-coleccion-the-funny-patch-coches-5-pzs","status":"publish","type":"product","link":"https:\/\/totito-toto.store\/en\/product\/accesorios\/parche\/parche-coleccion-the-funny-patch-coches-5-pzs\/","title":{"rendered":"Parche Colecci\u00f3n \u201cThe Funny Patch Coches\u201d 5 pzs"},"content":{"rendered":"<h3 data-start=\"151\" data-end=\"186\">Paquete Colecci\u00f3n de 5 parches \u201cThe Funny Patch Coches\u201d<\/h3>\n<ul>\n<li><strong>Little Pilot in the Blue Car<\/strong><\/li>\n<li><strong>Super Mega Fast Ambulance \u00a0<\/strong><\/li>\n<li><strong>Monkey Arm Digger<\/strong><\/li>\n<li><strong>Big School Bus<\/strong><\/li>\n<li><strong>Riding The Funny Patch Club<\/strong><\/li>\n<\/ul>\n<p data-start=\"911\" data-end=\"999\">Parches\u00a0<strong data-start=\"919\" data-end=\"950\">flexibles y termoadheribles<\/strong>, f\u00e1ciles de aplicar con plancha (por un adulto).<\/p>\n<p data-start=\"1006\" data-end=\"1040\"><strong>\u00a0Instrucciones para aplicar:<\/strong><\/p>\n<ol>\n<li data-start=\"1044\" data-end=\"1088\">Calienta tu plancha al m\u00e1ximo (sin vapor).<\/li>\n<li data-start=\"1092\" data-end=\"1157\">Coloca el parche sobre la prenda, con el pegamento hacia abajo.<\/li>\n<li data-start=\"1161\" data-end=\"1205\">Pon un trapo entre la plancha y el parche.<\/li>\n<li data-start=\"1209\" data-end=\"1251\">Presiona firmemente durante 45 segundos.<\/li>\n<li data-start=\"1255\" data-end=\"1302\">Revisa si qued\u00f3 bien adherido. Si no, repite.<\/li>\n<li data-start=\"1306\" data-end=\"1348\">Espera a que enfr\u00ede\u2026 \u00a1y listo para usar!<\/li>\n<\/ol>\n<p><em><strong>Nota:<\/strong> Los colores pueden variar seg\u00fan la luz o la pantalla donde los veas.<\/em><\/p>\n<p><strong>KIDS STORE \u00b7 KIDS STORE \u00b7 KIDS STORE<\/strong><\/p>","protected":false},"excerpt":{"rendered":"<p data-start=\"188\" data-end=\"594\">En colaboraci\u00f3n con <strong data-start=\"208\" data-end=\"232\">The Funny Patch Club<\/strong> \u2014una peque\u00f1a marca creada por dos ni\u00f1as de 7 y 5 a\u00f1os y su hermanito de 2\u2014 lanzamos la primera colecci\u00f3n de parches Totito Tot\u00f3.<br data-start=\"361\" data-end=\"364\" \/>Este divertido club celebra los juegos, las risas\u2026 \u00a1y tambi\u00e9n las ca\u00eddas! Porque solo as\u00ed aprendemos a levantarnos. Cada parche est\u00e1 inspirado en sus dibujos, con ilustraciones hechas por ellos y tambi\u00e9n por dise\u00f1adores invitados.<\/p>\n<p data-start=\"596\" data-end=\"688\">\u00a1S\u00edguelos en Instagram! \ud83d\udc49 <a class=\"\" href=\"https:\/\/www.instagram.com\/thefunnypatchclub\" target=\"_new\" rel=\"noopener\" data-start=\"623\" data-end=\"688\">@thefunnypatchclub<\/a><\/p>","protected":false},"featured_media":19275,"template":"","meta":[],"product_brand":[],"product_cat":[268,78],"product_tag":[221,216,235,220,222],"class_list":{"0":"post-19273","1":"product","2":"type-product","3":"status-publish","4":"has-post-thumbnail","6":"product_cat-accesorios","7":"product_cat-parche","8":"product_tag-donkey","9":"product_tag-madeofmagic","10":"product_tag-patch","11":"product_tag-totitototo","12":"product_tag-unicorn-gift","14":"first","15":"outofstock","16":"featured","17":"taxable","18":"shipping-taxable","19":"purchasable","20":"product-type-simple"},"bundle_layout":"","bundle_add_to_cart_form_location":"","bundle_editable_in_cart":false,"bundle_sold_individually_context":"","bundle_item_grouping":"","bundle_min_size":"","bundle_max_size":"","bundled_by":[],"bundled_items":[],"_links":{"self":[{"href":"https:\/\/totito-toto.store\/en\/wp-json\/wp\/v2\/product\/19273","targetHints":{"allow":["GET"]}}],"collection":[{"href":"https:\/\/totito-toto.store\/en\/wp-json\/wp\/v2\/product"}],"about":[{"href":"https:\/\/totito-toto.store\/en\/wp-json\/wp\/v2\/types\/product"}],"wp:featuredmedia":[{"embeddable":true,"href":"https:\/\/totito-toto.store\/en\/wp-json\/wp\/v2\/media\/19275"}],"wp:attachment":[{"href":"https:\/\/totito-toto.store\/en\/wp-json\/wp\/v2\/media?parent=19273"}],"wp:term":[{"taxonomy":"product_brand","embeddable":true,"href":"https:\/\/totito-toto.store\/en\/wp-json\/wp\/v2\/product_brand?post=19273"},{"taxonomy":"product_cat","embeddable":true,"href":"https:\/\/totito-toto.store\/en\/wp-json\/wp\/v2\/product_cat?post=19273"},{"taxonomy":"product_tag","embeddable":true,"href":"https:\/\/totito-toto.store\/en\/wp-json\/wp\/v2\/product_tag?post=19273"}],"curies":[{"name":"wp","href":"https:\/\/api.w.org\/{rel}","templated":true}]}}